{"id":3070,"date":"2022-12-15T13:47:01","date_gmt":"2022-12-15T13:47:01","guid":{"rendered":"https:\/\/hiroshi.qodeinteractive.com\/?page_id=3070"},"modified":"2025-04-13T20:12:26","modified_gmt":"2025-04-13T20:12:26","slug":"contactos","status":"publish","type":"page","link":"https:\/\/radian.pt\/en\/contactos\/","title":{"rendered":"Contacts"},"content":{"rendered":"<div data-elementor-type=\"wp-page\" data-elementor-id=\"3070\" class=\"elementor elementor-3070\" data-elementor-post-type=\"page\">\n\t\t\t\t\t\t<section class=\"elementor-section elementor-top-section elementor-element elementor-element-32ccfd0 elementor-section-full_width elementor-reverse-mobile elementor-section-height-default elementor-section-height-default qodef-elementor-content-no qodef-elementor-column-no\" data-id=\"32ccfd0\" data-element_type=\"section\" data-e-type=\"section\">\n\t\t\t\t\t\t<div class=\"elementor-container elementor-column-gap-default\">\n\t\t\t\t\t<div class=\"elementor-column elementor-col-100 elementor-top-column elementor-element elementor-element-3064fc1\" data-id=\"3064fc1\" data-element_type=\"column\" data-e-type=\"column\">\n\t\t\t<div class=\"elementor-widget-wrap elementor-element-populated\">\n\t\t\t\t\t\t<div class=\"elementor-element elementor-element-39f8047 elementor-widget elementor-widget-hiroshi_core_section_title\" data-id=\"39f8047\" data-element_type=\"widget\" data-e-type=\"widget\" data-widget_type=\"hiroshi_core_section_title.default\">\n\t\t\t\t<div class=\"elementor-widget-container\">\n\t\t\t\t\t<div class=\"qodef-shortcode qodef-m  qodef-section-title qodef-alignment--left qodef-title-break--disabled\">\n\t\t<h1 class=\"qodef-m-title\" >\n\t\t\t\t\tGet in touch\t\t\t<\/h1>\n\t<\/div>\n\t\t\t\t<\/div>\n\t\t\t\t<\/div>\n\t\t\t\t\t<\/div>\n\t\t<\/div>\n\t\t\t\t\t<\/div>\n\t\t<\/section>\n\t\t\t\t<section class=\"elementor-section elementor-top-section elementor-element elementor-element-e5ee8d4 elementor-section-full_width elementor-section-height-default elementor-section-height-default qodef-elementor-content-no qodef-elementor-column-no\" data-id=\"e5ee8d4\" data-element_type=\"section\" data-e-type=\"section\">\n\t\t\t\t\t\t<div class=\"elementor-container elementor-column-gap-default\">\n\t\t\t\t\t<div class=\"elementor-column elementor-col-50 elementor-top-column elementor-element elementor-element-fa70e4f\" data-id=\"fa70e4f\" data-element_type=\"column\" data-e-type=\"column\">\n\t\t\t<div class=\"elementor-widget-wrap elementor-element-populated\">\n\t\t\t\t\t\t<div class=\"elementor-element elementor-element-85a3bda elementor-widget elementor-widget-wp-widget-hiroshi_core_contact_form_7\" data-id=\"85a3bda\" data-element_type=\"widget\" data-e-type=\"widget\" data-widget_type=\"wp-widget-hiroshi_core_contact_form_7.default\">\n\t\t\t\t<div class=\"elementor-widget-container\">\n\t\t\t\t\t\t\t\t<div class=\"qodef-contact-form-7\">\n\t\t\t\t\n<div class=\"wpcf7 no-js\" id=\"wpcf7-f2391-o1\" lang=\"en-US\" dir=\"ltr\" data-wpcf7-id=\"2391\">\n<div class=\"screen-reader-response\"><p role=\"status\" aria-live=\"polite\" aria-atomic=\"true\"><\/p> <ul><\/ul><\/div>\n<form action=\"\/en\/wp-json\/wp\/v2\/pages\/3070#wpcf7-f2391-o1\" method=\"post\" class=\"wpcf7-form init\" aria-label=\"Contact form\" novalidate=\"novalidate\" data-status=\"init\" data-trp-original-action=\"\/en\/wp-json\/wp\/v2\/pages\/3070#wpcf7-f2391-o1\">\n<fieldset class=\"hidden-fields-container\"><input type=\"hidden\" name=\"_wpcf7\" value=\"2391\" \/><input type=\"hidden\" name=\"_wpcf7_version\" value=\"6.1.5\" \/><input type=\"hidden\" name=\"_wpcf7_locale\" value=\"en_US\" \/><input type=\"hidden\" name=\"_wpcf7_unit_tag\" value=\"wpcf7-f2391-o1\" \/><input type=\"hidden\" name=\"_wpcf7_container_post\" value=\"0\" \/><input type=\"hidden\" name=\"_wpcf7_posted_data_hash\" value=\"\" \/>\n<\/fieldset>\n<div class=\"qodef-contact-form-2\">\n\n    <span class=\"wpcf7-form-control-wrap\" data-name=\"your-name\"><input size=\"40\" maxlength=\"400\" class=\"wpcf7-form-control wpcf7-text wpcf7-validates-as-required\" aria-required=\"true\" aria-invalid=\"false\" placeholder=\"Name\" value=\"\" type=\"text\" name=\"your-name\" \/><\/span>\n\n    <span class=\"wpcf7-form-control-wrap\" data-name=\"your-email\"><input size=\"40\" maxlength=\"400\" class=\"wpcf7-form-control wpcf7-email wpcf7-validates-as-required wpcf7-text wpcf7-validates-as-email\" aria-required=\"true\" aria-invalid=\"false\" placeholder=\"Email\" value=\"\" type=\"email\" name=\"your-email\" \/><\/span>\n\n    <span class=\"wpcf7-form-control-wrap\" data-name=\"your-telephone\"><input size=\"40\" maxlength=\"400\" class=\"wpcf7-form-control wpcf7-tel wpcf7-validates-as-required wpcf7-text wpcf7-validates-as-tel\" aria-required=\"true\" aria-invalid=\"false\" placeholder=\"Telephone\" value=\"\" type=\"tel\" name=\"your-telephone\" \/><\/span>\n\n    <span class=\"wpcf7-form-control-wrap\" data-name=\"your-subject\"><input size=\"40\" maxlength=\"400\" class=\"wpcf7-form-control wpcf7-text wpcf7-validates-as-required\" aria-required=\"true\" aria-invalid=\"false\" placeholder=\"Subject\" value=\"\" type=\"text\" name=\"your-subject\" \/><\/span>\n\n    <span class=\"wpcf7-form-control-wrap\" data-name=\"your-message\"><textarea cols=\"40\" rows=\"5\" maxlength=\"2000\" class=\"wpcf7-form-control wpcf7-textarea\" aria-invalid=\"false\" placeholder=\"Message\" name=\"your-message\"><\/textarea><\/span>\n\n    <button class=\"wpcf7-form-control wpcf7-submit qodef-button qodef-size--normal qodef-layout--filled qodef-m\" type=\"submit\"><span class=\"qodef-m-text\">Send<\/span><\/button>\n\n<\/div><div class=\"wpcf7-response-output\" aria-hidden=\"true\"><\/div>\n<input type=\"hidden\" name=\"trp-form-language\" value=\"en\"\/><\/form>\n<\/div>\n\t\t\t<\/div>\n\t\t\t\t\t\t\t<\/div>\n\t\t\t\t<\/div>\n\t\t\t\t\t<\/div>\n\t\t<\/div>\n\t\t\t\t<div class=\"elementor-column elementor-col-50 elementor-top-column elementor-element elementor-element-a3b9081\" data-id=\"a3b9081\" data-element_type=\"column\" data-e-type=\"column\">\n\t\t\t<div class=\"elementor-widget-wrap elementor-element-populated\">\n\t\t\t\t\t\t<section class=\"elementor-section elementor-inner-section elementor-element elementor-element-7cb0192 elementor-section-full_width elementor-section-height-default elementor-section-height-default qodef-elementor-content-no qodef-elementor-column-no\" data-id=\"7cb0192\" data-element_type=\"section\" data-e-type=\"section\">\n\t\t\t\t\t\t<div class=\"elementor-container elementor-column-gap-default\">\n\t\t\t\t\t<div class=\"elementor-column elementor-col-100 elementor-inner-column elementor-element elementor-element-148f1dc qodef--underline-on-hover\" data-id=\"148f1dc\" data-element_type=\"column\" data-e-type=\"column\">\n\t\t\t<div class=\"elementor-widget-wrap elementor-element-populated\">\n\t\t\t\t\t\t<div class=\"elementor-element elementor-element-87085cb elementor-widget elementor-widget-hiroshi_core_section_title\" data-id=\"87085cb\" data-element_type=\"widget\" data-e-type=\"widget\" data-widget_type=\"hiroshi_core_section_title.default\">\n\t\t\t\t<div class=\"elementor-widget-container\">\n\t\t\t\t\t<div class=\"qodef-shortcode qodef-m  qodef-section-title qodef-alignment--left\">\n\t\t<h6 class=\"qodef-m-title\" >\n\t\t\t\t\tAddress\t\t\t<\/h6>\n\t<\/div>\n\t\t\t\t<\/div>\n\t\t\t\t<\/div>\n\t\t\t\t<div class=\"elementor-element elementor-element-3b53f69 elementor-widget elementor-widget-text-editor\" data-id=\"3b53f69\" data-element_type=\"widget\" data-e-type=\"widget\" data-widget_type=\"text-editor.default\">\n\t\t\t\t<div class=\"elementor-widget-container\">\n\t\t\t\t\t\t\t\t\t<p><a href=\"https:\/\/www.google.com\/maps\/place\/Radian\/@41.1589796,-8.608186,17z\/data=!3m1!4b1!4m6!3m5!1s0xd24653e376fa127:0x7e573d9c08996cf8!8m2!3d41.1589756!4d-8.6056111!16s%2Fg%2F11fl8_swlb?entry=ttu\">Rua Jo\u00e3o de Oliveira Ramos , 87 sala 0.2 E, 4000-294 Porto<\/a><\/p>\t\t\t\t\t\t\t\t<\/div>\n\t\t\t\t<\/div>\n\t\t\t\t\t<\/div>\n\t\t<\/div>\n\t\t\t\t\t<\/div>\n\t\t<\/section>\n\t\t\t\t<section class=\"elementor-section elementor-inner-section elementor-element elementor-element-1a39ded elementor-section-full_width elementor-section-height-default elementor-section-height-default qodef-elementor-content-no qodef-elementor-column-no\" data-id=\"1a39ded\" data-element_type=\"section\" data-e-type=\"section\">\n\t\t\t\t\t\t<div class=\"elementor-container elementor-column-gap-default\">\n\t\t\t\t\t<div class=\"elementor-column elementor-col-50 elementor-inner-column elementor-element elementor-element-34ff57a qodef--underline-on-hover\" data-id=\"34ff57a\" data-element_type=\"column\" data-e-type=\"column\">\n\t\t\t<div class=\"elementor-widget-wrap elementor-element-populated\">\n\t\t\t\t\t\t<div class=\"elementor-element elementor-element-5a6e4ce elementor-widget elementor-widget-hiroshi_core_section_title\" data-id=\"5a6e4ce\" data-element_type=\"widget\" data-e-type=\"widget\" data-widget_type=\"hiroshi_core_section_title.default\">\n\t\t\t\t<div class=\"elementor-widget-container\">\n\t\t\t\t\t<div class=\"qodef-shortcode qodef-m  qodef-section-title qodef-alignment--left\">\n\t\t<h6 class=\"qodef-m-title\" >\n\t\t\t\t\tEmail\t\t\t<\/h6>\n\t<\/div>\n\t\t\t\t<\/div>\n\t\t\t\t<\/div>\n\t\t\t\t<div class=\"elementor-element elementor-element-ddb3c5b elementor-widget elementor-widget-text-editor\" data-id=\"ddb3c5b\" data-element_type=\"widget\" data-e-type=\"widget\" data-widget_type=\"text-editor.default\">\n\t\t\t\t<div class=\"elementor-widget-container\">\n\t\t\t\t\t\t\t\t\t<p><a href=\"mailto:info@radian.pt\">info@radian.pt<\/a><\/p>\t\t\t\t\t\t\t\t<\/div>\n\t\t\t\t<\/div>\n\t\t\t\t\t<\/div>\n\t\t<\/div>\n\t\t\t\t<div class=\"elementor-column elementor-col-50 elementor-inner-column elementor-element elementor-element-7d125cd qodef--underline-on-hover\" data-id=\"7d125cd\" data-element_type=\"column\" data-e-type=\"column\">\n\t\t\t<div class=\"elementor-widget-wrap elementor-element-populated\">\n\t\t\t\t\t\t<div class=\"elementor-element elementor-element-8a3d437 elementor-widget elementor-widget-hiroshi_core_section_title\" data-id=\"8a3d437\" data-element_type=\"widget\" data-e-type=\"widget\" data-widget_type=\"hiroshi_core_section_title.default\">\n\t\t\t\t<div class=\"elementor-widget-container\">\n\t\t\t\t\t<div class=\"qodef-shortcode qodef-m  qodef-section-title qodef-alignment--left\">\n\t\t<h6 class=\"qodef-m-title\" >\n\t\t\t\t\tTelephone\t\t\t<\/h6>\n\t<\/div>\n\t\t\t\t<\/div>\n\t\t\t\t<\/div>\n\t\t\t\t<div class=\"elementor-element elementor-element-239200b elementor-widget elementor-widget-text-editor\" data-id=\"239200b\" data-element_type=\"widget\" data-e-type=\"widget\" data-widget_type=\"text-editor.default\">\n\t\t\t\t<div class=\"elementor-widget-container\">\n\t\t\t\t\t\t\t\t\t<p><a href=\"tel: 351916063130\">+351 916 063 130<\/a><\/p>\t\t\t\t\t\t\t\t<\/div>\n\t\t\t\t<\/div>\n\t\t\t\t\t<\/div>\n\t\t<\/div>\n\t\t\t\t\t<\/div>\n\t\t<\/section>\n\t\t\t\t<section class=\"elementor-section elementor-inner-section elementor-element elementor-element-099fb8d elementor-section-full_width elementor-section-height-default elementor-section-height-default qodef-elementor-content-no qodef-elementor-column-no\" data-id=\"099fb8d\" data-element_type=\"section\" data-e-type=\"section\">\n\t\t\t\t\t\t<div class=\"elementor-container elementor-column-gap-default\">\n\t\t\t\t\t<div class=\"elementor-column elementor-col-50 elementor-inner-column elementor-element elementor-element-9a8e804 qodef--underline-on-hover\" data-id=\"9a8e804\" data-element_type=\"column\" data-e-type=\"column\">\n\t\t\t<div class=\"elementor-widget-wrap elementor-element-populated\">\n\t\t\t\t\t\t<div class=\"elementor-element elementor-element-0b450f3 elementor-widget elementor-widget-hiroshi_core_section_title\" data-id=\"0b450f3\" data-element_type=\"widget\" data-e-type=\"widget\" data-widget_type=\"hiroshi_core_section_title.default\">\n\t\t\t\t<div class=\"elementor-widget-container\">\n\t\t\t\t\t<div class=\"qodef-shortcode qodef-m  qodef-section-title qodef-alignment--left\">\n\t\t<h6 class=\"qodef-m-title\" >\n\t\t\t\t\tSocial\t\t\t<\/h6>\n\t<\/div>\n\t\t\t\t<\/div>\n\t\t\t\t<\/div>\n\t\t\t\t<div class=\"elementor-element elementor-element-732b53c elementor-widget elementor-widget-text-editor\" data-id=\"732b53c\" data-element_type=\"widget\" data-e-type=\"widget\" data-widget_type=\"text-editor.default\">\n\t\t\t\t<div class=\"elementor-widget-container\">\n\t\t\t\t\t\t\t\t\t<p><a href=\"https:\/\/www.instagram.com\/radian.architecture\/\" target=\"_blank\" rel=\"noopener\">Instagram<\/a><\/p>\t\t\t\t\t\t\t\t<\/div>\n\t\t\t\t<\/div>\n\t\t\t\t<div class=\"elementor-element elementor-element-ade2cb1 elementor-widget elementor-widget-text-editor\" data-id=\"ade2cb1\" data-element_type=\"widget\" data-e-type=\"widget\" data-widget_type=\"text-editor.default\">\n\t\t\t\t<div class=\"elementor-widget-container\">\n\t\t\t\t\t\t\t\t\t<p><a href=\"https:\/\/www.linkedin.com\/company\/radian-contemporary-architecture\" target=\"_blank\" rel=\"noopener\">LinkedIn<\/a><\/p>\t\t\t\t\t\t\t\t<\/div>\n\t\t\t\t<\/div>\n\t\t\t\t\t<\/div>\n\t\t<\/div>\n\t\t\t\t<div class=\"elementor-column elementor-col-50 elementor-inner-column elementor-element elementor-element-d58b575 qodef--underline-on-hover\" data-id=\"d58b575\" data-element_type=\"column\" data-e-type=\"column\">\n\t\t\t<div class=\"elementor-widget-wrap elementor-element-populated\">\n\t\t\t\t\t\t<div class=\"elementor-element elementor-element-a9b1a01 elementor-widget elementor-widget-hiroshi_core_section_title\" data-id=\"a9b1a01\" data-element_type=\"widget\" data-e-type=\"widget\" data-widget_type=\"hiroshi_core_section_title.default\">\n\t\t\t\t<div class=\"elementor-widget-container\">\n\t\t\t\t\t<div class=\"qodef-shortcode qodef-m  qodef-section-title qodef-alignment--left\">\n\t\t<\/div>\n\t\t\t\t<\/div>\n\t\t\t\t<\/div>\n\t\t\t\t<div class=\"elementor-element elementor-element-a89e21a elementor-widget elementor-widget-text-editor\" data-id=\"a89e21a\" data-element_type=\"widget\" data-e-type=\"widget\" data-widget_type=\"text-editor.default\">\n\t\t\t\t<div class=\"elementor-widget-container\">\n\t\t\t\t\t\t\t\t\t<p><a href=\"https:\/\/www.facebook.com\/ricardocarvalho.arquitectura\/\" target=\"_blank\" rel=\"noopener\">Facebook<\/a><\/p>\t\t\t\t\t\t\t\t<\/div>\n\t\t\t\t<\/div>\n\t\t\t\t<div class=\"elementor-element elementor-element-5540869 elementor-widget elementor-widget-text-editor\" data-id=\"5540869\" data-element_type=\"widget\" data-e-type=\"widget\" data-widget_type=\"text-editor.default\">\n\t\t\t\t<div class=\"elementor-widget-container\">\n\t\t\t\t\t\t\t\t\t<p><a href=\"https:\/\/pt.pinterest.com\/ricardocarvalhoarq\/\" target=\"_blank\" rel=\"noopener\">Pinterest<\/a><\/p>\t\t\t\t\t\t\t\t<\/div>\n\t\t\t\t<\/div>\n\t\t\t\t\t<\/div>\n\t\t<\/div>\n\t\t\t\t\t<\/div>\n\t\t<\/section>\n\t\t\t\t\t<\/div>\n\t\t<\/div>\n\t\t\t\t\t<\/div>\n\t\t<\/section>\n\t\t<div class=\"elementor-element elementor-element-445af94 e-con-full e-flex e-con e-parent\" data-id=\"445af94\" data-element_type=\"container\" data-e-type=\"container\">\n\t\t<div class=\"elementor-element elementor-element-3adff67 e-con-full e-flex e-con e-child\" data-id=\"3adff67\" data-element_type=\"container\" data-e-type=\"container\">\n\t\t\t\t<div class=\"elementor-element elementor-element-767e588 elementor-widget elementor-widget-hiroshi_core_google_map\" data-id=\"767e588\" data-element_type=\"widget\" data-e-type=\"widget\" data-widget_type=\"hiroshi_core_google_map.default\">\n\t\t\t\t<div class=\"elementor-widget-container\">\n\t\t\t\t\t<div class=\"qodef-shortcode qodef-m  qodef-google-map\">\n\t<div class=\"qodef-m-map\" id=\"qodef-map-id--418\" data-addresses='[\"Rua Jo\u00e3o de Oliveira Ramos , 87 4000-249 Porto\"]' data-pin=\"https:\/\/radian.pt\/wp-content\/uploads\/2024\/06\/maps_mark.png\" data-unique-id=\"418\" data-height=\"500\"><\/div>\n<\/div>\n\t\t\t\t<\/div>\n\t\t\t\t<\/div>\n\t\t\t\t<\/div>\n\t\t\t\t<\/div>\n\t\t\t\t<\/div>","protected":false},"excerpt":{"rendered":"<p>Entre em contacto Morada Rua Jo\u00e3o de Oliveira Ramos , 87 sala 0.2 E, 4000-294 Porto Email info@radian.pt Telefone +351 916 063 130 Social Instagram LinkedIn Facebook Pinterest<\/p>","protected":false},"author":1,"featured_media":0,"parent":0,"menu_order":0,"comment_status":"closed","ping_status":"closed","template":"page-full-width.php","meta":{"_acf_changed":false,"footnotes":""},"class_list":["post-3070","page","type-page","status-publish","hentry"],"acf":[],"yoast_head":"<!-- This site is optimized with the Yoast SEO Premium plugin v26.4 (Yoast SEO v27.2) - https:\/\/yoast.com\/product\/yoast-seo-premium-wordpress\/ -->\n<title>P\u00e1gina de Contactos | Radian Contemporary Architecture<\/title>\n<meta name=\"description\" content=\"P\u00e1gina de Contacto. Se pretende obter alguma informa\u00e7\u00e3o sobre os nossos servi\u00e7os, por favor preencha o seguinte formul\u00e1rio.\" \/>\n<meta name=\"robots\" content=\"index, follow, max-snippet:-1, max-image-preview:large, max-video-preview:-1\" \/>\n<link rel=\"canonical\" href=\"https:\/\/radian.pt\/en\/contactos\/\" \/>\n<meta property=\"og:locale\" content=\"en_US\" \/>\n<meta property=\"og:type\" content=\"article\" \/>\n<meta property=\"og:title\" content=\"Contactos\" \/>\n<meta property=\"og:description\" content=\"P\u00e1gina de Contacto. Se pretende obter alguma informa\u00e7\u00e3o sobre os nossos servi\u00e7os, por favor preencha o seguinte formul\u00e1rio.\" \/>\n<meta property=\"og:url\" content=\"https:\/\/radian.pt\/en\/contactos\/\" \/>\n<meta property=\"og:site_name\" content=\"Radian Contemporary Architecture\" \/>\n<meta property=\"article:publisher\" content=\"https:\/\/www.facebook.com\/radian.architecture\" \/>\n<meta property=\"article:modified_time\" content=\"2025-04-13T20:12:26+00:00\" \/>\n<meta name=\"twitter:card\" content=\"summary_large_image\" \/>\n<meta name=\"twitter:label1\" content=\"Est. reading time\" \/>\n\t<meta name=\"twitter:data1\" content=\"1 minute\" \/>\n<script type=\"application\/ld+json\" class=\"yoast-schema-graph\">{\"@context\":\"https:\/\/schema.org\",\"@graph\":[{\"@type\":\"WebPage\",\"@id\":\"https:\/\/radian.pt\/contactos\/\",\"url\":\"https:\/\/radian.pt\/contactos\/\",\"name\":\"P\u00e1gina de Contactos | Radian Contemporary Architecture\",\"isPartOf\":{\"@id\":\"https:\/\/radian.pt\/#website\"},\"datePublished\":\"2022-12-15T13:47:01+00:00\",\"dateModified\":\"2025-04-13T20:12:26+00:00\",\"description\":\"P\u00e1gina de Contacto. Se pretende obter alguma informa\u00e7\u00e3o sobre os nossos servi\u00e7os, por favor preencha o seguinte formul\u00e1rio.\",\"breadcrumb\":{\"@id\":\"https:\/\/radian.pt\/contactos\/#breadcrumb\"},\"inLanguage\":\"en-US\",\"potentialAction\":[{\"@type\":\"ReadAction\",\"target\":[\"https:\/\/radian.pt\/contactos\/\"]}]},{\"@type\":\"BreadcrumbList\",\"@id\":\"https:\/\/radian.pt\/contactos\/#breadcrumb\",\"itemListElement\":[{\"@type\":\"ListItem\",\"position\":1,\"name\":\"Home\",\"item\":\"https:\/\/radian.pt\/\"},{\"@type\":\"ListItem\",\"position\":2,\"name\":\"Contactos\"}]},{\"@type\":\"WebSite\",\"@id\":\"https:\/\/radian.pt\/#website\",\"url\":\"https:\/\/radian.pt\/\",\"name\":\"Ricardo Carvalho Arquitectura\",\"description\":\"\",\"publisher\":{\"@id\":\"https:\/\/radian.pt\/#organization\"},\"potentialAction\":[{\"@type\":\"SearchAction\",\"target\":{\"@type\":\"EntryPoint\",\"urlTemplate\":\"https:\/\/radian.pt\/?s={search_term_string}\"},\"query-input\":{\"@type\":\"PropertyValueSpecification\",\"valueRequired\":true,\"valueName\":\"search_term_string\"}}],\"inLanguage\":\"en-US\"},{\"@type\":\"Organization\",\"@id\":\"https:\/\/radian.pt\/#organization\",\"name\":\"Radian Arquitectura\",\"alternateName\":\"Radian Contemporary Architecture\",\"url\":\"https:\/\/radian.pt\/\",\"logo\":{\"@type\":\"ImageObject\",\"inLanguage\":\"en-US\",\"@id\":\"https:\/\/radian.pt\/#\/schema\/logo\/image\/\",\"url\":\"\",\"contentUrl\":\"\",\"caption\":\"Radian Arquitectura\"},\"image\":{\"@id\":\"https:\/\/radian.pt\/#\/schema\/logo\/image\/\"},\"sameAs\":[\"https:\/\/www.facebook.com\/radian.architecture\",\"https:\/\/www.instagram.com\/radian.architecture\/\",\"https:\/\/www.linkedin.com\/in\/ricardocmota\/\",\"https:\/\/www.pinterest.pt\/ricardocarvalhoarq\/\"],\"publishingPrinciples\":\"https:\/\/radian.pt\/politica-de-privacidade\/\",\"ownershipFundingInfo\":\"https:\/\/radian.pt\/politica-de-privacidade\/\",\"actionableFeedbackPolicy\":\"https:\/\/radian.pt\/politica-de-privacidade\/\",\"correctionsPolicy\":\"https:\/\/radian.pt\/politica-de-privacidade\/\",\"ethicsPolicy\":\"https:\/\/radian.pt\/politica-de-privacidade\/\",\"diversityPolicy\":\"https:\/\/radian.pt\/politica-de-privacidade\/\",\"diversityStaffingReport\":\"https:\/\/radian.pt\/politica-de-privacidade\/\"}]}<\/script>\n<!-- \/ Yoast SEO Premium plugin. -->","yoast_head_json":{"title":"P\u00e1gina de Contactos | Radian Contemporary Architecture","description":"P\u00e1gina de Contacto. Se pretende obter alguma informa\u00e7\u00e3o sobre os nossos servi\u00e7os, por favor preencha o seguinte formul\u00e1rio.","robots":{"index":"index","follow":"follow","max-snippet":"max-snippet:-1","max-image-preview":"max-image-preview:large","max-video-preview":"max-video-preview:-1"},"canonical":"https:\/\/radian.pt\/en\/contactos\/","og_locale":"en_US","og_type":"article","og_title":"Contactos","og_description":"P\u00e1gina de Contacto. Se pretende obter alguma informa\u00e7\u00e3o sobre os nossos servi\u00e7os, por favor preencha o seguinte formul\u00e1rio.","og_url":"https:\/\/radian.pt\/en\/contactos\/","og_site_name":"Radian Contemporary Architecture","article_publisher":"https:\/\/www.facebook.com\/radian.architecture","article_modified_time":"2025-04-13T20:12:26+00:00","twitter_card":"summary_large_image","twitter_misc":{"Est. reading time":"1 minute"},"schema":{"@context":"https:\/\/schema.org","@graph":[{"@type":"WebPage","@id":"https:\/\/radian.pt\/contactos\/","url":"https:\/\/radian.pt\/contactos\/","name":"P\u00e1gina de Contactos | Radian Contemporary Architecture","isPartOf":{"@id":"https:\/\/radian.pt\/#website"},"datePublished":"2022-12-15T13:47:01+00:00","dateModified":"2025-04-13T20:12:26+00:00","description":"P\u00e1gina de Contacto. Se pretende obter alguma informa\u00e7\u00e3o sobre os nossos servi\u00e7os, por favor preencha o seguinte formul\u00e1rio.","breadcrumb":{"@id":"https:\/\/radian.pt\/contactos\/#breadcrumb"},"inLanguage":"en-US","potentialAction":[{"@type":"ReadAction","target":["https:\/\/radian.pt\/contactos\/"]}]},{"@type":"BreadcrumbList","@id":"https:\/\/radian.pt\/contactos\/#breadcrumb","itemListElement":[{"@type":"ListItem","position":1,"name":"Home","item":"https:\/\/radian.pt\/"},{"@type":"ListItem","position":2,"name":"Contactos"}]},{"@type":"WebSite","@id":"https:\/\/radian.pt\/#website","url":"https:\/\/radian.pt\/","name":"Ricardo Carvalho Arquitectura","description":"","publisher":{"@id":"https:\/\/radian.pt\/#organization"},"potentialAction":[{"@type":"SearchAction","target":{"@type":"EntryPoint","urlTemplate":"https:\/\/radian.pt\/?s={search_term_string}"},"query-input":{"@type":"PropertyValueSpecification","valueRequired":true,"valueName":"search_term_string"}}],"inLanguage":"en-US"},{"@type":"Organization","@id":"https:\/\/radian.pt\/#organization","name":"Radian Arquitectura","alternateName":"Radian Contemporary Architecture","url":"https:\/\/radian.pt\/","logo":{"@type":"ImageObject","inLanguage":"en-US","@id":"https:\/\/radian.pt\/#\/schema\/logo\/image\/","url":"","contentUrl":"","caption":"Radian Arquitectura"},"image":{"@id":"https:\/\/radian.pt\/#\/schema\/logo\/image\/"},"sameAs":["https:\/\/www.facebook.com\/radian.architecture","https:\/\/www.instagram.com\/radian.architecture\/","https:\/\/www.linkedin.com\/in\/ricardocmota\/","https:\/\/www.pinterest.pt\/ricardocarvalhoarq\/"],"publishingPrinciples":"https:\/\/radian.pt\/politica-de-privacidade\/","ownershipFundingInfo":"https:\/\/radian.pt\/politica-de-privacidade\/","actionableFeedbackPolicy":"https:\/\/radian.pt\/politica-de-privacidade\/","correctionsPolicy":"https:\/\/radian.pt\/politica-de-privacidade\/","ethicsPolicy":"https:\/\/radian.pt\/politica-de-privacidade\/","diversityPolicy":"https:\/\/radian.pt\/politica-de-privacidade\/","diversityStaffingReport":"https:\/\/radian.pt\/politica-de-privacidade\/"}]}},"_links":{"self":[{"href":"https:\/\/radian.pt\/en\/wp-json\/wp\/v2\/pages\/3070","targetHints":{"allow":["GET"]}}],"collection":[{"href":"https:\/\/radian.pt\/en\/wp-json\/wp\/v2\/pages"}],"about":[{"href":"https:\/\/radian.pt\/en\/wp-json\/wp\/v2\/types\/page"}],"author":[{"embeddable":true,"href":"https:\/\/radian.pt\/en\/wp-json\/wp\/v2\/users\/1"}],"replies":[{"embeddable":true,"href":"https:\/\/radian.pt\/en\/wp-json\/wp\/v2\/comments?post=3070"}],"version-history":[{"count":0,"href":"https:\/\/radian.pt\/en\/wp-json\/wp\/v2\/pages\/3070\/revisions"}],"wp:attachment":[{"href":"https:\/\/radian.pt\/en\/wp-json\/wp\/v2\/media?parent=3070"}],"curies":[{"name":"wp","href":"https:\/\/api.w.org\/{rel}","templated":true}]}}