{"id":12414,"date":"2026-01-29T22:34:16","date_gmt":"2026-01-29T22:34:16","guid":{"rendered":"https:\/\/radian.pt\/?page_id=12414"},"modified":"2026-02-04T12:49:09","modified_gmt":"2026-02-04T12:49:09","slug":"area-reservada","status":"publish","type":"page","link":"https:\/\/radian.pt\/en\/area-reservada\/","title":{"rendered":"\u00c1rea Reservada"},"content":{"rendered":"<div data-elementor-type=\"wp-page\" data-elementor-id=\"12414\" class=\"elementor elementor-12414\" data-elementor-post-type=\"page\">\n\t\t\t\t<div class=\"elementor-element elementor-element-e80ef0f e-flex e-con-boxed e-con e-parent\" data-id=\"e80ef0f\" data-element_type=\"container\" data-e-type=\"container\">\n\t\t\t\t\t<div class=\"e-con-inner\">\n\t\t\t\t<div class=\"elementor-element elementor-element-fd615b1 elementor-widget elementor-widget-hiroshi_core_section_title\" data-id=\"fd615b1\" data-element_type=\"widget\" data-e-type=\"widget\" data-widget_type=\"hiroshi_core_section_title.default\">\n\t\t\t\t<div class=\"elementor-widget-container\">\n\t\t\t\t\t<div class=\"qodef-shortcode qodef-m  qodef-section-title qodef-alignment--center\">\n\t\t<h3 class=\"qodef-m-title\" >\n\t\t\t\t\t\u00c1rea Reservada\t\t\t<\/h3>\n\t\t<p class=\"qodef-m-text\" style=\"margin-top: 10px\">Selecione um do quadros em baixo para aceder ao acompanhamento de projetos por mensagens ou consultar o arquivo com documenta\u00e7\u00e3o dos seus projetos.<\/p>\n<\/div>\n\t\t\t\t<\/div>\n\t\t\t\t<\/div>\n\t\t\t\t\t<\/div>\n\t\t\t\t<\/div>\n\t\t<div class=\"elementor-element elementor-element-f4ceed1 e-flex e-con-boxed e-con e-parent\" data-id=\"f4ceed1\" data-element_type=\"container\" data-e-type=\"container\">\n\t\t\t\t\t<div class=\"e-con-inner\">\n\t\t<div class=\"elementor-element elementor-element-c5c2733 e-con-full other e-flex elementor-invisible e-con e-child\" data-id=\"c5c2733\" data-element_type=\"container\" data-e-type=\"container\" data-settings=\"{&quot;background_background&quot;:&quot;classic&quot;,&quot;animation&quot;:&quot;fadeIn&quot;}\">\n\t\t\t\t<div class=\"elementor-element elementor-element-3cc3774 elementor-widget__width-auto animated-fast elementor-invisible elementor-widget elementor-widget-hiroshi_core_button\" data-id=\"3cc3774\" data-element_type=\"widget\" data-e-type=\"widget\" data-settings=\"{&quot;_animation&quot;:&quot;fadeInDown&quot;,&quot;_animation_delay&quot;:200}\" data-widget_type=\"hiroshi_core_button.default\">\n\t\t\t\t<div class=\"elementor-widget-container\">\n\t\t\t\t\t<a class=\"qodef-shortcode qodef-m  qodef-button qodef-layout--textual  qodef-html--link\" href=\"https:\/\/radian.pt\/en\/enviar-mensagem\/\" target=\"_self\"  style=\"color: #FFFFFF;font-size: 30px;font-weight: 700;text-transform: inherit\">\n\t<span class=\"qodef-m-text\">Fale Connosco<\/span>\n<\/a>\n\t\t\t\t<\/div>\n\t\t\t\t<\/div>\n\t\t\t\t<div class=\"elementor-element elementor-element-a367190 elementor-widget__width-auto animated-fast elementor-view-default elementor-invisible elementor-widget elementor-widget-icon\" data-id=\"a367190\" data-element_type=\"widget\" data-e-type=\"widget\" data-settings=\"{&quot;_animation&quot;:&quot;fadeInDown&quot;,&quot;_animation_delay&quot;:200}\" data-widget_type=\"icon.default\">\n\t\t\t\t<div class=\"elementor-widget-container\">\n\t\t\t\t\t\t\t<div class=\"elementor-icon-wrapper\">\n\t\t\t<div class=\"elementor-icon\">\n\t\t\t<svg xmlns=\"http:\/\/www.w3.org\/2000\/svg\" id=\"Layer_1\" viewbox=\"0 0 60 60\"><defs><style>      .st0 {        fill: #fff;      }    <\/style><\/defs><polygon class=\"st0\" points=\"59.5 .5 59.5 54.8 49.9 54.8 49.6 54.4 49.6 17.6 7.6 59.5 7.1 59.4 .5 52.8 42.4 10.4 5.7 10.4 5.3 10.1 5.3 .5 59.5 .5\"><\/polygon><\/svg>\t\t\t<\/div>\n\t\t<\/div>\n\t\t\t\t\t\t<\/div>\n\t\t\t\t<\/div>\n\t\t\t\t<div class=\"elementor-element elementor-element-e037dd7 elementor-widget elementor-widget-text-editor\" data-id=\"e037dd7\" data-element_type=\"widget\" data-e-type=\"widget\" data-widget_type=\"text-editor.default\">\n\t\t\t\t<div class=\"elementor-widget-container\">\n\t\t\t\t\t\t\t\t\t<p>Um portal de apoio e comunica\u00e7\u00e3o com a nossa equipa para estar sempre informado e esclarecido.<\/p>\t\t\t\t\t\t\t\t<\/div>\n\t\t\t\t<\/div>\n\t\t\t\t<\/div>\n\t\t<div class=\"elementor-element elementor-element-33f16b9 e-con-full other e-flex elementor-invisible e-con e-child\" data-id=\"33f16b9\" data-element_type=\"container\" data-e-type=\"container\" data-settings=\"{&quot;background_background&quot;:&quot;classic&quot;,&quot;animation&quot;:&quot;fadeIn&quot;}\">\n\t\t\t\t<div class=\"elementor-element elementor-element-fd575d7 elementor-widget__width-auto animated-fast elementor-invisible elementor-widget elementor-widget-hiroshi_core_button\" data-id=\"fd575d7\" data-element_type=\"widget\" data-e-type=\"widget\" data-settings=\"{&quot;_animation&quot;:&quot;fadeInDown&quot;,&quot;_animation_delay&quot;:500}\" data-widget_type=\"hiroshi_core_button.default\">\n\t\t\t\t<div class=\"elementor-widget-container\">\n\t\t\t\t\t<a class=\"qodef-shortcode qodef-m  qodef-button qodef-layout--textual  qodef-html--link\" href=\"https:\/\/radian.pt\/en\/arquivo-de-projetos\/\" target=\"_self\"  style=\"color: #FFFFFF;font-size: 30px;font-weight: 700;text-transform: inherit\">\n\t<span class=\"qodef-m-text\">Arquivo de Projetos<\/span>\n<\/a>\n\t\t\t\t<\/div>\n\t\t\t\t<\/div>\n\t\t\t\t<div class=\"elementor-element elementor-element-ad755e3 elementor-widget__width-auto animated-fast elementor-view-default elementor-invisible elementor-widget elementor-widget-icon\" data-id=\"ad755e3\" data-element_type=\"widget\" data-e-type=\"widget\" data-settings=\"{&quot;_animation&quot;:&quot;fadeInDown&quot;,&quot;_animation_delay&quot;:500}\" data-widget_type=\"icon.default\">\n\t\t\t\t<div class=\"elementor-widget-container\">\n\t\t\t\t\t\t\t<div class=\"elementor-icon-wrapper\">\n\t\t\t<div class=\"elementor-icon\">\n\t\t\t<svg xmlns=\"http:\/\/www.w3.org\/2000\/svg\" id=\"Layer_1\" viewbox=\"0 0 60 60\"><defs><style>      .st0 {        fill: #fff;      }    <\/style><\/defs><polygon class=\"st0\" points=\"59.5 .5 59.5 54.8 49.9 54.8 49.6 54.4 49.6 17.6 7.6 59.5 7.1 59.4 .5 52.8 42.4 10.4 5.7 10.4 5.3 10.1 5.3 .5 59.5 .5\"><\/polygon><\/svg>\t\t\t<\/div>\n\t\t<\/div>\n\t\t\t\t\t\t<\/div>\n\t\t\t\t<\/div>\n\t\t\t\t<div class=\"elementor-element elementor-element-a7c4655 elementor-widget elementor-widget-text-editor\" data-id=\"a7c4655\" data-element_type=\"widget\" data-e-type=\"widget\" data-widget_type=\"text-editor.default\">\n\t\t\t\t<div class=\"elementor-widget-container\">\n\t\t\t\t\t\t\t\t\t<p>Tenha sempre dispon\u00edvel, onde estiver, a documenta\u00e7\u00e3o e arquivo relacionado com os seus projetos.<\/p>\t\t\t\t\t\t\t\t<\/div>\n\t\t\t\t<\/div>\n\t\t\t\t<\/div>\n\t\t\t\t\t<\/div>\n\t\t\t\t<\/div>\n\t\t<div class=\"elementor-element elementor-element-220d18c e-flex e-con-boxed e-con e-parent\" data-id=\"220d18c\" data-element_type=\"container\" data-e-type=\"container\">\n\t\t\t\t\t<div class=\"e-con-inner\">\n\t\t\t\t<div class=\"elementor-element elementor-element-bf8c326 elementor-widget elementor-widget-html\" data-id=\"bf8c326\" data-element_type=\"widget\" data-e-type=\"widget\" data-widget_type=\"html.default\">\n\t\t\t\t<div class=\"elementor-widget-container\">\n\t\t\t\t\t\t\t\t\t<\/div>\n\t\t\t\t<\/div>\n\t\t\t\t\t<\/div>\n\t\t\t\t<\/div>\n\t\t\t\t<\/div>","protected":false},"excerpt":{"rendered":"<p>\u00c1rea Reservada Selecione um do quadros em baixo para aceder ao acompanhamento de projetos por mensagens ou consultar o arquivo com documenta\u00e7\u00e3o dos seus projetos. Fale Connosco Um portal de apoio e comunica\u00e7\u00e3o com a nossa equipa para estar sempre informado e esclarecido. Arquivo de Projetos Tenha sempre dispon\u00edvel, onde estiver, a documenta\u00e7\u00e3o e arquivo [&hellip;]<\/p>","protected":false},"author":1,"featured_media":0,"parent":0,"menu_order":0,"comment_status":"closed","ping_status":"closed","template":"page-full-width.php","meta":{"_acf_changed":false,"footnotes":""},"class_list":["post-12414","page","type-page","status-publish","hentry"],"acf":[],"yoast_head":"<!-- This site is optimized with the Yoast SEO Premium plugin v26.4 (Yoast SEO v27.2) - https:\/\/yoast.com\/product\/yoast-seo-premium-wordpress\/ -->\n<title>\u00c1rea Reservada | Radian Contemporary Architecture<\/title>\n<meta name=\"robots\" content=\"index, follow, max-snippet:-1, max-image-preview:large, max-video-preview:-1\" \/>\n<link rel=\"canonical\" href=\"https:\/\/radian.pt\/en\/area-reservada\/\" \/>\n<meta property=\"og:locale\" content=\"en_US\" \/>\n<meta property=\"og:type\" content=\"article\" \/>\n<meta property=\"og:title\" content=\"\u00c1rea Reservada\" \/>\n<meta property=\"og:description\" content=\"\u00c1rea Reservada Selecione um do quadros em baixo para aceder ao acompanhamento de projetos por mensagens ou consultar o arquivo com documenta\u00e7\u00e3o dos seus projetos. Fale Connosco Um portal de apoio e comunica\u00e7\u00e3o com a nossa equipa para estar sempre informado e esclarecido. Arquivo de Projetos Tenha sempre dispon\u00edvel, onde estiver, a documenta\u00e7\u00e3o e arquivo [&hellip;]\" \/>\n<meta property=\"og:url\" content=\"https:\/\/radian.pt\/en\/area-reservada\/\" \/>\n<meta property=\"og:site_name\" content=\"Radian Contemporary Architecture\" \/>\n<meta property=\"article:publisher\" content=\"https:\/\/www.facebook.com\/radian.architecture\" \/>\n<meta property=\"article:modified_time\" content=\"2026-02-04T12:49:09+00:00\" \/>\n<meta name=\"twitter:card\" content=\"summary_large_image\" \/>\n<meta name=\"twitter:label1\" content=\"Est. reading time\" \/>\n\t<meta name=\"twitter:data1\" content=\"1 minute\" \/>\n<script type=\"application\/ld+json\" class=\"yoast-schema-graph\">{\"@context\":\"https:\/\/schema.org\",\"@graph\":[{\"@type\":\"WebPage\",\"@id\":\"https:\/\/radian.pt\/area-reservada\/\",\"url\":\"https:\/\/radian.pt\/area-reservada\/\",\"name\":\"\u00c1rea Reservada | Radian Contemporary Architecture\",\"isPartOf\":{\"@id\":\"https:\/\/radian.pt\/#website\"},\"datePublished\":\"2026-01-29T22:34:16+00:00\",\"dateModified\":\"2026-02-04T12:49:09+00:00\",\"breadcrumb\":{\"@id\":\"https:\/\/radian.pt\/area-reservada\/#breadcrumb\"},\"inLanguage\":\"en-US\",\"potentialAction\":[{\"@type\":\"ReadAction\",\"target\":[\"https:\/\/radian.pt\/area-reservada\/\"]}]},{\"@type\":\"BreadcrumbList\",\"@id\":\"https:\/\/radian.pt\/area-reservada\/#breadcrumb\",\"itemListElement\":[{\"@type\":\"ListItem\",\"position\":1,\"name\":\"Home\",\"item\":\"https:\/\/radian.pt\/\"},{\"@type\":\"ListItem\",\"position\":2,\"name\":\"\u00c1rea Reservada\"}]},{\"@type\":\"WebSite\",\"@id\":\"https:\/\/radian.pt\/#website\",\"url\":\"https:\/\/radian.pt\/\",\"name\":\"Ricardo Carvalho Arquitectura\",\"description\":\"\",\"publisher\":{\"@id\":\"https:\/\/radian.pt\/#organization\"},\"potentialAction\":[{\"@type\":\"SearchAction\",\"target\":{\"@type\":\"EntryPoint\",\"urlTemplate\":\"https:\/\/radian.pt\/?s={search_term_string}\"},\"query-input\":{\"@type\":\"PropertyValueSpecification\",\"valueRequired\":true,\"valueName\":\"search_term_string\"}}],\"inLanguage\":\"en-US\"},{\"@type\":\"Organization\",\"@id\":\"https:\/\/radian.pt\/#organization\",\"name\":\"Radian Arquitectura\",\"alternateName\":\"Radian Contemporary Architecture\",\"url\":\"https:\/\/radian.pt\/\",\"logo\":{\"@type\":\"ImageObject\",\"inLanguage\":\"en-US\",\"@id\":\"https:\/\/radian.pt\/#\/schema\/logo\/image\/\",\"url\":\"\",\"contentUrl\":\"\",\"caption\":\"Radian Arquitectura\"},\"image\":{\"@id\":\"https:\/\/radian.pt\/#\/schema\/logo\/image\/\"},\"sameAs\":[\"https:\/\/www.facebook.com\/radian.architecture\",\"https:\/\/www.instagram.com\/radian.architecture\/\",\"https:\/\/www.linkedin.com\/in\/ricardocmota\/\",\"https:\/\/www.pinterest.pt\/ricardocarvalhoarq\/\"],\"publishingPrinciples\":\"https:\/\/radian.pt\/politica-de-privacidade\/\",\"ownershipFundingInfo\":\"https:\/\/radian.pt\/politica-de-privacidade\/\",\"actionableFeedbackPolicy\":\"https:\/\/radian.pt\/politica-de-privacidade\/\",\"correctionsPolicy\":\"https:\/\/radian.pt\/politica-de-privacidade\/\",\"ethicsPolicy\":\"https:\/\/radian.pt\/politica-de-privacidade\/\",\"diversityPolicy\":\"https:\/\/radian.pt\/politica-de-privacidade\/\",\"diversityStaffingReport\":\"https:\/\/radian.pt\/politica-de-privacidade\/\"}]}<\/script>\n<!-- \/ Yoast SEO Premium plugin. -->","yoast_head_json":{"title":"\u00c1rea Reservada | Radian Contemporary Architecture","robots":{"index":"index","follow":"follow","max-snippet":"max-snippet:-1","max-image-preview":"max-image-preview:large","max-video-preview":"max-video-preview:-1"},"canonical":"https:\/\/radian.pt\/en\/area-reservada\/","og_locale":"en_US","og_type":"article","og_title":"\u00c1rea Reservada","og_description":"\u00c1rea Reservada Selecione um do quadros em baixo para aceder ao acompanhamento de projetos por mensagens ou consultar o arquivo com documenta\u00e7\u00e3o dos seus projetos. Fale Connosco Um portal de apoio e comunica\u00e7\u00e3o com a nossa equipa para estar sempre informado e esclarecido. Arquivo de Projetos Tenha sempre dispon\u00edvel, onde estiver, a documenta\u00e7\u00e3o e arquivo [&hellip;]","og_url":"https:\/\/radian.pt\/en\/area-reservada\/","og_site_name":"Radian Contemporary Architecture","article_publisher":"https:\/\/www.facebook.com\/radian.architecture","article_modified_time":"2026-02-04T12:49:09+00:00","twitter_card":"summary_large_image","twitter_misc":{"Est. reading time":"1 minute"},"schema":{"@context":"https:\/\/schema.org","@graph":[{"@type":"WebPage","@id":"https:\/\/radian.pt\/area-reservada\/","url":"https:\/\/radian.pt\/area-reservada\/","name":"\u00c1rea Reservada | Radian Contemporary Architecture","isPartOf":{"@id":"https:\/\/radian.pt\/#website"},"datePublished":"2026-01-29T22:34:16+00:00","dateModified":"2026-02-04T12:49:09+00:00","breadcrumb":{"@id":"https:\/\/radian.pt\/area-reservada\/#breadcrumb"},"inLanguage":"en-US","potentialAction":[{"@type":"ReadAction","target":["https:\/\/radian.pt\/area-reservada\/"]}]},{"@type":"BreadcrumbList","@id":"https:\/\/radian.pt\/area-reservada\/#breadcrumb","itemListElement":[{"@type":"ListItem","position":1,"name":"Home","item":"https:\/\/radian.pt\/"},{"@type":"ListItem","position":2,"name":"\u00c1rea Reservada"}]},{"@type":"WebSite","@id":"https:\/\/radian.pt\/#website","url":"https:\/\/radian.pt\/","name":"Ricardo Carvalho Arquitectura","description":"","publisher":{"@id":"https:\/\/radian.pt\/#organization"},"potentialAction":[{"@type":"SearchAction","target":{"@type":"EntryPoint","urlTemplate":"https:\/\/radian.pt\/?s={search_term_string}"},"query-input":{"@type":"PropertyValueSpecification","valueRequired":true,"valueName":"search_term_string"}}],"inLanguage":"en-US"},{"@type":"Organization","@id":"https:\/\/radian.pt\/#organization","name":"Radian Arquitectura","alternateName":"Radian Contemporary Architecture","url":"https:\/\/radian.pt\/","logo":{"@type":"ImageObject","inLanguage":"en-US","@id":"https:\/\/radian.pt\/#\/schema\/logo\/image\/","url":"","contentUrl":"","caption":"Radian Arquitectura"},"image":{"@id":"https:\/\/radian.pt\/#\/schema\/logo\/image\/"},"sameAs":["https:\/\/www.facebook.com\/radian.architecture","https:\/\/www.instagram.com\/radian.architecture\/","https:\/\/www.linkedin.com\/in\/ricardocmota\/","https:\/\/www.pinterest.pt\/ricardocarvalhoarq\/"],"publishingPrinciples":"https:\/\/radian.pt\/politica-de-privacidade\/","ownershipFundingInfo":"https:\/\/radian.pt\/politica-de-privacidade\/","actionableFeedbackPolicy":"https:\/\/radian.pt\/politica-de-privacidade\/","correctionsPolicy":"https:\/\/radian.pt\/politica-de-privacidade\/","ethicsPolicy":"https:\/\/radian.pt\/politica-de-privacidade\/","diversityPolicy":"https:\/\/radian.pt\/politica-de-privacidade\/","diversityStaffingReport":"https:\/\/radian.pt\/politica-de-privacidade\/"}]}},"_links":{"self":[{"href":"https:\/\/radian.pt\/en\/wp-json\/wp\/v2\/pages\/12414","targetHints":{"allow":["GET"]}}],"collection":[{"href":"https:\/\/radian.pt\/en\/wp-json\/wp\/v2\/pages"}],"about":[{"href":"https:\/\/radian.pt\/en\/wp-json\/wp\/v2\/types\/page"}],"author":[{"embeddable":true,"href":"https:\/\/radian.pt\/en\/wp-json\/wp\/v2\/users\/1"}],"replies":[{"embeddable":true,"href":"https:\/\/radian.pt\/en\/wp-json\/wp\/v2\/comments?post=12414"}],"version-history":[{"count":28,"href":"https:\/\/radian.pt\/en\/wp-json\/wp\/v2\/pages\/12414\/revisions"}],"predecessor-version":[{"id":12559,"href":"https:\/\/radian.pt\/en\/wp-json\/wp\/v2\/pages\/12414\/revisions\/12559"}],"wp:attachment":[{"href":"https:\/\/radian.pt\/en\/wp-json\/wp\/v2\/media?parent=12414"}],"curies":[{"name":"wp","href":"https:\/\/api.w.org\/{rel}","templated":true}]}}