{"id":12351,"date":"2026-01-26T03:50:30","date_gmt":"2026-01-26T03:50:30","guid":{"rendered":"https:\/\/radian.pt\/?page_id=12351"},"modified":"2026-02-04T02:02:36","modified_gmt":"2026-02-04T02:02:36","slug":"arquivo-de-projetos","status":"publish","type":"page","link":"https:\/\/radian.pt\/en\/arquivo-de-projetos\/","title":{"rendered":"Arquivo de Projetos"},"content":{"rendered":"<div data-elementor-type=\"wp-page\" data-elementor-id=\"12351\" class=\"elementor elementor-12351\" data-elementor-post-type=\"page\">\n\t\t\t\t<div class=\"elementor-element elementor-element-753b324 e-con-full e-flex e-con e-parent\" data-id=\"753b324\" data-element_type=\"container\" data-e-type=\"container\">\n\t\t<div class=\"elementor-element elementor-element-b754339 e-con-full e-flex e-con e-child\" data-id=\"b754339\" data-element_type=\"container\" data-e-type=\"container\">\n\t\t\t\t<div class=\"elementor-element elementor-element-919a915 elementor-widget__width-initial elementor-widget elementor-widget-hiroshi_core_section_title\" data-id=\"919a915\" data-element_type=\"widget\" data-e-type=\"widget\" data-widget_type=\"hiroshi_core_section_title.default\">\n\t\t\t\t<div class=\"elementor-widget-container\">\n\t\t\t\t\t<div class=\"qodef-shortcode qodef-m  qodef-section-title qodef-alignment--left\">\n\t\t<h3 class=\"qodef-m-title\" >\n\t\t\t\t\tArquivo de Projetos\t\t\t<\/h3>\n\t\t<p class=\"qodef-m-text\" style=\"margin-top: 10px\">Tenha sempre dispon\u00edvel, onde estiver, a documenta\u00e7\u00e3o e arquivo relacionado com os seus projetos.<\/p>\n<\/div>\n\t\t\t\t<\/div>\n\t\t\t\t<\/div>\n\t\t\t\t<\/div>\n\t\t<div class=\"elementor-element elementor-element-8f2f09a e-con-full e-flex e-con e-child\" data-id=\"8f2f09a\" data-element_type=\"container\" data-e-type=\"container\">\n\t\t\t\t<div class=\"elementor-element elementor-element-be7c4fb elementor-widget elementor-widget-hiroshi_core_button\" data-id=\"be7c4fb\" data-element_type=\"widget\" data-e-type=\"widget\" data-widget_type=\"hiroshi_core_button.default\">\n\t\t\t\t<div class=\"elementor-widget-container\">\n\t\t\t\t\t<a class=\"qodef-shortcode qodef-m  qodef-button qodef-layout--outlined qodef-size--small qodef-html--link\" href=\"https:\/\/radian.pt\/en\/enviar-mensagem\/\" target=\"_self\"  style=\"text-transform: inherit\">\n\t<span class=\"qodef-m-text\">Ir para Mensagens<\/span>\n<\/a>\n\t\t\t\t<\/div>\n\t\t\t\t<\/div>\n\t\t\t\t<div class=\"elementor-element elementor-element-995a4cb elementor-widget elementor-widget-html\" data-id=\"995a4cb\" data-element_type=\"widget\" data-e-type=\"widget\" data-widget_type=\"html.default\">\n\t\t\t\t<div class=\"elementor-widget-container\">\n\t\t\t\t\t\t\t\t\t<\/div>\n\t\t\t\t<\/div>\n\t\t\t\t<\/div>\n\t\t\t\t<\/div>\n\t\t<div class=\"elementor-element elementor-element-7224365 e-con-full e-flex e-con e-parent\" data-id=\"7224365\" data-element_type=\"container\" data-e-type=\"container\">\n\t\t\t\t<div class=\"elementor-element elementor-element-0e0b8f0 elementor-widget elementor-widget-html\" data-id=\"0e0b8f0\" data-element_type=\"widget\" data-e-type=\"widget\" data-widget_type=\"html.default\">\n\t\t\t\t<div class=\"elementor-widget-container\">\n\t\t\t\t\t<div class=\"gfc-notice gfc-notice--warn\">Tem de iniciar sess\u00e3o para aceder.<\/div>\t\t\t\t<\/div>\n\t\t\t\t<\/div>\n\t\t\t\t<\/div>\n\t\t\t\t<\/div>","protected":false},"excerpt":{"rendered":"<p>Arquivo de Projetos Tenha sempre dispon\u00edvel, onde estiver, a documenta\u00e7\u00e3o e arquivo relacionado com os seus projetos. Ir para Mensagens<\/p>","protected":false},"author":1,"featured_media":0,"parent":0,"menu_order":0,"comment_status":"closed","ping_status":"closed","template":"page-full-width.php","meta":{"_acf_changed":false,"footnotes":""},"class_list":["post-12351","page","type-page","status-publish","hentry"],"acf":[],"yoast_head":"<!-- This site is optimized with the Yoast SEO Premium plugin v26.4 (Yoast SEO v27.2) - https:\/\/yoast.com\/product\/yoast-seo-premium-wordpress\/ -->\n<title>Arquivo de Projetos | Radian Contemporary Architecture<\/title>\n<meta name=\"robots\" content=\"noindex, nofollow\" \/>\n<meta property=\"og:locale\" content=\"en_US\" \/>\n<meta property=\"og:type\" content=\"article\" \/>\n<meta property=\"og:title\" content=\"Arquivo de Projetos\" \/>\n<meta property=\"og:description\" content=\"Arquivo de Projetos Tenha sempre dispon\u00edvel, onde estiver, a documenta\u00e7\u00e3o e arquivo relacionado com os seus projetos. Ir para Mensagens\" \/>\n<meta property=\"og:url\" content=\"https:\/\/radian.pt\/en\/arquivo-de-projetos\/\" \/>\n<meta property=\"og:site_name\" content=\"Radian Contemporary Architecture\" \/>\n<meta property=\"article:publisher\" content=\"https:\/\/www.facebook.com\/radian.architecture\" \/>\n<meta property=\"article:modified_time\" content=\"2026-02-04T02:02:36+00:00\" \/>\n<meta name=\"twitter:card\" content=\"summary_large_image\" \/>\n<meta name=\"twitter:label1\" content=\"Est. reading time\" \/>\n\t<meta name=\"twitter:data1\" content=\"1 minute\" \/>\n<script type=\"application\/ld+json\" class=\"yoast-schema-graph\">{\"@context\":\"https:\/\/schema.org\",\"@graph\":[{\"@type\":\"WebPage\",\"@id\":\"https:\/\/radian.pt\/arquivo-de-projetos\/\",\"url\":\"https:\/\/radian.pt\/arquivo-de-projetos\/\",\"name\":\"Arquivo de Projetos | Radian Contemporary Architecture\",\"isPartOf\":{\"@id\":\"https:\/\/radian.pt\/#website\"},\"datePublished\":\"2026-01-26T03:50:30+00:00\",\"dateModified\":\"2026-02-04T02:02:36+00:00\",\"breadcrumb\":{\"@id\":\"https:\/\/radian.pt\/arquivo-de-projetos\/#breadcrumb\"},\"inLanguage\":\"en-US\",\"potentialAction\":[{\"@type\":\"ReadAction\",\"target\":[\"https:\/\/radian.pt\/arquivo-de-projetos\/\"]}]},{\"@type\":\"BreadcrumbList\",\"@id\":\"https:\/\/radian.pt\/arquivo-de-projetos\/#breadcrumb\",\"itemListElement\":[{\"@type\":\"ListItem\",\"position\":1,\"name\":\"Home\",\"item\":\"https:\/\/radian.pt\/\"},{\"@type\":\"ListItem\",\"position\":2,\"name\":\"Arquivo de Projetos\"}]},{\"@type\":\"WebSite\",\"@id\":\"https:\/\/radian.pt\/#website\",\"url\":\"https:\/\/radian.pt\/\",\"name\":\"Ricardo Carvalho Arquitectura\",\"description\":\"\",\"publisher\":{\"@id\":\"https:\/\/radian.pt\/#organization\"},\"potentialAction\":[{\"@type\":\"SearchAction\",\"target\":{\"@type\":\"EntryPoint\",\"urlTemplate\":\"https:\/\/radian.pt\/?s={search_term_string}\"},\"query-input\":{\"@type\":\"PropertyValueSpecification\",\"valueRequired\":true,\"valueName\":\"search_term_string\"}}],\"inLanguage\":\"en-US\"},{\"@type\":\"Organization\",\"@id\":\"https:\/\/radian.pt\/#organization\",\"name\":\"Radian Arquitectura\",\"alternateName\":\"Radian Contemporary Architecture\",\"url\":\"https:\/\/radian.pt\/\",\"logo\":{\"@type\":\"ImageObject\",\"inLanguage\":\"en-US\",\"@id\":\"https:\/\/radian.pt\/#\/schema\/logo\/image\/\",\"url\":\"\",\"contentUrl\":\"\",\"caption\":\"Radian Arquitectura\"},\"image\":{\"@id\":\"https:\/\/radian.pt\/#\/schema\/logo\/image\/\"},\"sameAs\":[\"https:\/\/www.facebook.com\/radian.architecture\",\"https:\/\/www.instagram.com\/radian.architecture\/\",\"https:\/\/www.linkedin.com\/in\/ricardocmota\/\",\"https:\/\/www.pinterest.pt\/ricardocarvalhoarq\/\"],\"publishingPrinciples\":\"https:\/\/radian.pt\/politica-de-privacidade\/\",\"ownershipFundingInfo\":\"https:\/\/radian.pt\/politica-de-privacidade\/\",\"actionableFeedbackPolicy\":\"https:\/\/radian.pt\/politica-de-privacidade\/\",\"correctionsPolicy\":\"https:\/\/radian.pt\/politica-de-privacidade\/\",\"ethicsPolicy\":\"https:\/\/radian.pt\/politica-de-privacidade\/\",\"diversityPolicy\":\"https:\/\/radian.pt\/politica-de-privacidade\/\",\"diversityStaffingReport\":\"https:\/\/radian.pt\/politica-de-privacidade\/\"}]}<\/script>\n<!-- \/ Yoast SEO Premium plugin. -->","yoast_head_json":{"title":"Arquivo de Projetos | Radian Contemporary Architecture","robots":{"index":"noindex","follow":"nofollow"},"og_locale":"en_US","og_type":"article","og_title":"Arquivo de Projetos","og_description":"Arquivo de Projetos Tenha sempre dispon\u00edvel, onde estiver, a documenta\u00e7\u00e3o e arquivo relacionado com os seus projetos. Ir para Mensagens","og_url":"https:\/\/radian.pt\/en\/arquivo-de-projetos\/","og_site_name":"Radian Contemporary Architecture","article_publisher":"https:\/\/www.facebook.com\/radian.architecture","article_modified_time":"2026-02-04T02:02:36+00:00","twitter_card":"summary_large_image","twitter_misc":{"Est. reading time":"1 minute"},"schema":{"@context":"https:\/\/schema.org","@graph":[{"@type":"WebPage","@id":"https:\/\/radian.pt\/arquivo-de-projetos\/","url":"https:\/\/radian.pt\/arquivo-de-projetos\/","name":"Arquivo de Projetos | Radian Contemporary Architecture","isPartOf":{"@id":"https:\/\/radian.pt\/#website"},"datePublished":"2026-01-26T03:50:30+00:00","dateModified":"2026-02-04T02:02:36+00:00","breadcrumb":{"@id":"https:\/\/radian.pt\/arquivo-de-projetos\/#breadcrumb"},"inLanguage":"en-US","potentialAction":[{"@type":"ReadAction","target":["https:\/\/radian.pt\/arquivo-de-projetos\/"]}]},{"@type":"BreadcrumbList","@id":"https:\/\/radian.pt\/arquivo-de-projetos\/#breadcrumb","itemListElement":[{"@type":"ListItem","position":1,"name":"Home","item":"https:\/\/radian.pt\/"},{"@type":"ListItem","position":2,"name":"Arquivo de Projetos"}]},{"@type":"WebSite","@id":"https:\/\/radian.pt\/#website","url":"https:\/\/radian.pt\/","name":"Ricardo Carvalho Arquitectura","description":"","publisher":{"@id":"https:\/\/radian.pt\/#organization"},"potentialAction":[{"@type":"SearchAction","target":{"@type":"EntryPoint","urlTemplate":"https:\/\/radian.pt\/?s={search_term_string}"},"query-input":{"@type":"PropertyValueSpecification","valueRequired":true,"valueName":"search_term_string"}}],"inLanguage":"en-US"},{"@type":"Organization","@id":"https:\/\/radian.pt\/#organization","name":"Radian Arquitectura","alternateName":"Radian Contemporary Architecture","url":"https:\/\/radian.pt\/","logo":{"@type":"ImageObject","inLanguage":"en-US","@id":"https:\/\/radian.pt\/#\/schema\/logo\/image\/","url":"","contentUrl":"","caption":"Radian Arquitectura"},"image":{"@id":"https:\/\/radian.pt\/#\/schema\/logo\/image\/"},"sameAs":["https:\/\/www.facebook.com\/radian.architecture","https:\/\/www.instagram.com\/radian.architecture\/","https:\/\/www.linkedin.com\/in\/ricardocmota\/","https:\/\/www.pinterest.pt\/ricardocarvalhoarq\/"],"publishingPrinciples":"https:\/\/radian.pt\/politica-de-privacidade\/","ownershipFundingInfo":"https:\/\/radian.pt\/politica-de-privacidade\/","actionableFeedbackPolicy":"https:\/\/radian.pt\/politica-de-privacidade\/","correctionsPolicy":"https:\/\/radian.pt\/politica-de-privacidade\/","ethicsPolicy":"https:\/\/radian.pt\/politica-de-privacidade\/","diversityPolicy":"https:\/\/radian.pt\/politica-de-privacidade\/","diversityStaffingReport":"https:\/\/radian.pt\/politica-de-privacidade\/"}]}},"_links":{"self":[{"href":"https:\/\/radian.pt\/en\/wp-json\/wp\/v2\/pages\/12351","targetHints":{"allow":["GET"]}}],"collection":[{"href":"https:\/\/radian.pt\/en\/wp-json\/wp\/v2\/pages"}],"about":[{"href":"https:\/\/radian.pt\/en\/wp-json\/wp\/v2\/types\/page"}],"author":[{"embeddable":true,"href":"https:\/\/radian.pt\/en\/wp-json\/wp\/v2\/users\/1"}],"replies":[{"embeddable":true,"href":"https:\/\/radian.pt\/en\/wp-json\/wp\/v2\/comments?post=12351"}],"version-history":[{"count":41,"href":"https:\/\/radian.pt\/en\/wp-json\/wp\/v2\/pages\/12351\/revisions"}],"predecessor-version":[{"id":12548,"href":"https:\/\/radian.pt\/en\/wp-json\/wp\/v2\/pages\/12351\/revisions\/12548"}],"wp:attachment":[{"href":"https:\/\/radian.pt\/en\/wp-json\/wp\/v2\/media?parent=12351"}],"curies":[{"name":"wp","href":"https:\/\/api.w.org\/{rel}","templated":true}]}}