{"id":11693,"date":"2024-09-01T02:35:17","date_gmt":"2024-09-01T02:35:17","guid":{"rendered":"https:\/\/radian.lumbracreative.pt\/?page_id=11693"},"modified":"2024-09-01T02:36:20","modified_gmt":"2024-09-01T02:36:20","slug":"politica-de-cookies","status":"publish","type":"page","link":"https:\/\/radian.pt\/en\/politica-de-cookies\/","title":{"rendered":"Cookie Policy"},"content":{"rendered":"<div data-elementor-type=\"wp-page\" data-elementor-id=\"11693\" class=\"elementor elementor-11693\" data-elementor-post-type=\"page\">\n\t\t\t\t\t\t<section class=\"elementor-section elementor-top-section elementor-element elementor-element-f177ae1 elementor-section-full_width elementor-reverse-mobile elementor-section-height-default elementor-section-height-default qodef-elementor-content-no qodef-elementor-column-no\" data-id=\"f177ae1\" data-element_type=\"section\" data-e-type=\"section\">\n\t\t\t\t\t\t<div class=\"elementor-container elementor-column-gap-default\">\n\t\t\t\t\t<div class=\"elementor-column elementor-col-100 elementor-top-column elementor-element elementor-element-a7d7ee9\" data-id=\"a7d7ee9\" data-element_type=\"column\" data-e-type=\"column\">\n\t\t\t<div class=\"elementor-widget-wrap elementor-element-populated\">\n\t\t\t\t\t\t<div class=\"elementor-element elementor-element-014ecfe elementor-widget elementor-widget-text-editor\" data-id=\"014ecfe\" data-element_type=\"widget\" data-e-type=\"widget\" data-widget_type=\"text-editor.default\">\n\t\t\t\t<div class=\"elementor-widget-container\">\n\t\t\t\t\t\t\t\t\t<h1 style=\"background-color: #ffffff;\">Cookie Policy<\/h1>\t\t\t\t\t\t\t\t<\/div>\n\t\t\t\t<\/div>\n\t\t\t\t\t<\/div>\n\t\t<\/div>\n\t\t\t\t\t<\/div>\n\t\t<\/section>\n\t\t<div class=\"elementor-element elementor-element-d33ab07 e-con-full e-flex e-con e-parent\" data-id=\"d33ab07\" data-element_type=\"container\" data-e-type=\"container\">\n\t\t\t\t<div class=\"elementor-element elementor-element-9bf674e elementor-widget elementor-widget-text-editor\" data-id=\"9bf674e\" data-element_type=\"widget\" data-e-type=\"widget\" data-widget_type=\"text-editor.default\">\n\t\t\t\t<div class=\"elementor-widget-container\">\n\t\t\t\t\t\t\t\t\t\n<h3 class=\"wp-block-heading\">What are cookies?<\/h3>\n<p>This Cookie Policy explains what cookies are, how we use them, the types of cookies we use, i.e. the information we collect through cookies and how that information is used, as well as how to manage cookie settings.<\/p>\n<p>Cookies are small text files that are used to store small amounts of information. They are stored on your device when the website is loaded in your browser. These cookies help us make the website work properly, make it more secure, provide a better user experience, and understand how the website is working, as well as analyzing what works and where improvements are needed.<\/p>\n<p>\u00a0<\/p>\n<h3>How do we use cookies?<\/h3>\n<p>Like most online services, our website uses first-party and third-party cookies for various purposes. First-party cookies are mostly necessary for the website to function properly, and do not collect any personally identifiable data.<\/p>\n<p>The third-party cookies used on our website are primarily to understand how the website works, how you interact with our website, keep our services secure, provide advertisements that are relevant to you, and generally provide you with an improved user experience and help speed up your future interactions with our website.<\/p>\n<p>\u00a0<\/p>\n<h3>Types of cookies we use<\/h3>\n<p>(Note: This would normally list the specific types of cookies they use, such as session cookies, persistent cookies, analytics cookies, etc. As this information has not been provided, it should be added as applicable).<\/p>\n<p>\u00a0<\/p>\n<h3>Manage cookie preferences<\/h3>\n<p><strong>Cookie settings<\/strong><\/p>\n<p>You can change your cookie preferences at any time by clicking on the button above. This will allow you to redisplay the cookie consent bar and change your preferences or withdraw your consent immediately.<\/p>\n<p>In addition, different browsers provide different methods for blocking and deleting cookies used by websites. You can change your browser settings to block\/delete cookies. Below are links to support documents on how to manage and delete cookies from the main web browsers:<\/p>\n<ul>\n<li><strong>Chrome:<\/strong> <a href=\"https:\/\/support.google.com\/accounts\/answer\/32050\" target=\"_new\" rel=\"noopener\">https:\/\/support.google.com\/accounts\/answer\/32050<\/a><\/li>\n<li><strong>Safari:<\/strong> <a href=\"https:\/\/support.apple.com\/pt-pt\/guide\/safari\/sfri11471\/mac\" target=\"_new\" rel=\"noopener\">https:\/\/support.apple.com\/pt-pt\/guide\/safari\/sfri11471\/mac<\/a><\/li>\n<li><strong>Firefox:<\/strong> <a href=\"https:\/\/support.mozilla.org\/pt-PT\/kb\/limpar-cookies-e-dados-de-sites-no-firefox\" target=\"_new\" rel=\"noopener\">https:\/\/support.mozilla.org\/pt-PT\/kb\/limpar-cookies-e-dados-de-sites-no-firefox<\/a><\/li>\n<li><strong>Internet Explorer:<\/strong> <a href=\"https:\/\/support.microsoft.com\/pt-pt\/topic\/como-eliminar-ficheiros-de-cookies-no-internet-explorer-bca9446f-d873-78de-77ba-d42645fa52fc\" target=\"_new\" rel=\"noopener\">https:\/\/support.microsoft.com\/pt-pt\/topic\/como-eliminar-ficheiros-de-cookies-no-internet-explorer-bca9446f-d873-78de-77ba-d42645fa52fc<\/a><\/li>\n<\/ul>\n<p>If you are using another web browser, please visit the official support documents for your browser.<\/p>\t\t\t\t\t\t\t\t<\/div>\n\t\t\t\t<\/div>\n\t\t\t\t<\/div>\n\t\t\t\t<\/div>","protected":false},"excerpt":{"rendered":"<p>Pol\u00edtica de Cookies O que s\u00e3o cookies? Esta Pol\u00edtica de Cookies explica o que s\u00e3o cookies, como os utilizamos, os tipos de cookies que usamos, ou seja, as informa\u00e7\u00f5es que recolhemos atrav\u00e9s de cookies e como essas informa\u00e7\u00f5es s\u00e3o utilizadas, bem como a forma de gerir as configura\u00e7\u00f5es de cookies. Cookies s\u00e3o pequenos ficheiros de [&hellip;]<\/p>","protected":false},"author":1,"featured_media":0,"parent":0,"menu_order":0,"comment_status":"closed","ping_status":"closed","template":"page-full-width.php","meta":{"_acf_changed":false,"footnotes":""},"class_list":["post-11693","page","type-page","status-publish","hentry"],"acf":[],"yoast_head":"<!-- This site is optimized with the Yoast SEO Premium plugin v26.4 (Yoast SEO v27.2) - https:\/\/yoast.com\/product\/yoast-seo-premium-wordpress\/ -->\n<title>Pol\u00edtica de Cookies | Radian Contemporary Architecture<\/title>\n<meta name=\"robots\" content=\"index, follow, max-snippet:-1, max-image-preview:large, max-video-preview:-1\" \/>\n<link rel=\"canonical\" href=\"https:\/\/radian.pt\/en\/politica-de-cookies\/\" \/>\n<meta property=\"og:locale\" content=\"en_US\" \/>\n<meta property=\"og:type\" content=\"article\" \/>\n<meta property=\"og:title\" content=\"Pol\u00edtica de Cookies\" \/>\n<meta property=\"og:description\" content=\"Pol\u00edtica de Cookies O que s\u00e3o cookies? Esta Pol\u00edtica de Cookies explica o que s\u00e3o cookies, como os utilizamos, os tipos de cookies que usamos, ou seja, as informa\u00e7\u00f5es que recolhemos atrav\u00e9s de cookies e como essas informa\u00e7\u00f5es s\u00e3o utilizadas, bem como a forma de gerir as configura\u00e7\u00f5es de cookies. Cookies s\u00e3o pequenos ficheiros de [&hellip;]\" \/>\n<meta property=\"og:url\" content=\"https:\/\/radian.pt\/en\/politica-de-cookies\/\" \/>\n<meta property=\"og:site_name\" content=\"Radian Contemporary Architecture\" \/>\n<meta property=\"article:publisher\" content=\"https:\/\/www.facebook.com\/radian.architecture\" \/>\n<meta property=\"article:modified_time\" content=\"2024-09-01T02:36:20+00:00\" \/>\n<meta name=\"twitter:card\" content=\"summary_large_image\" \/>\n<meta name=\"twitter:label1\" content=\"Est. reading time\" \/>\n\t<meta name=\"twitter:data1\" content=\"2 minutes\" \/>\n<script type=\"application\/ld+json\" class=\"yoast-schema-graph\">{\"@context\":\"https:\/\/schema.org\",\"@graph\":[{\"@type\":\"WebPage\",\"@id\":\"https:\/\/radian.pt\/en\/politica-de-cookies\/\",\"url\":\"https:\/\/radian.pt\/en\/politica-de-cookies\/\",\"name\":\"Pol\u00edtica de Cookies | Radian Contemporary Architecture\",\"isPartOf\":{\"@id\":\"https:\/\/radian.pt\/#website\"},\"datePublished\":\"2024-09-01T02:35:17+00:00\",\"dateModified\":\"2024-09-01T02:36:20+00:00\",\"breadcrumb\":{\"@id\":\"https:\/\/radian.pt\/en\/politica-de-cookies\/#breadcrumb\"},\"inLanguage\":\"en-US\",\"potentialAction\":[{\"@type\":\"ReadAction\",\"target\":[\"https:\/\/radian.pt\/en\/politica-de-cookies\/\"]}]},{\"@type\":\"BreadcrumbList\",\"@id\":\"https:\/\/radian.pt\/en\/politica-de-cookies\/#breadcrumb\",\"itemListElement\":[{\"@type\":\"ListItem\",\"position\":1,\"name\":\"Home\",\"item\":\"https:\/\/radian.pt\/\"},{\"@type\":\"ListItem\",\"position\":2,\"name\":\"Pol\u00edtica de Cookies\"}]},{\"@type\":\"WebSite\",\"@id\":\"https:\/\/radian.pt\/#website\",\"url\":\"https:\/\/radian.pt\/\",\"name\":\"Ricardo Carvalho Arquitectura\",\"description\":\"\",\"publisher\":{\"@id\":\"https:\/\/radian.pt\/#organization\"},\"potentialAction\":[{\"@type\":\"SearchAction\",\"target\":{\"@type\":\"EntryPoint\",\"urlTemplate\":\"https:\/\/radian.pt\/?s={search_term_string}\"},\"query-input\":{\"@type\":\"PropertyValueSpecification\",\"valueRequired\":true,\"valueName\":\"search_term_string\"}}],\"inLanguage\":\"en-US\"},{\"@type\":\"Organization\",\"@id\":\"https:\/\/radian.pt\/#organization\",\"name\":\"Radian Arquitectura\",\"alternateName\":\"Radian Contemporary Architecture\",\"url\":\"https:\/\/radian.pt\/\",\"logo\":{\"@type\":\"ImageObject\",\"inLanguage\":\"en-US\",\"@id\":\"https:\/\/radian.pt\/#\/schema\/logo\/image\/\",\"url\":\"\",\"contentUrl\":\"\",\"caption\":\"Radian Arquitectura\"},\"image\":{\"@id\":\"https:\/\/radian.pt\/#\/schema\/logo\/image\/\"},\"sameAs\":[\"https:\/\/www.facebook.com\/radian.architecture\",\"https:\/\/www.instagram.com\/radian.architecture\/\",\"https:\/\/www.linkedin.com\/in\/ricardocmota\/\",\"https:\/\/www.pinterest.pt\/ricardocarvalhoarq\/\"],\"publishingPrinciples\":\"https:\/\/radian.pt\/politica-de-privacidade\/\",\"ownershipFundingInfo\":\"https:\/\/radian.pt\/politica-de-privacidade\/\",\"actionableFeedbackPolicy\":\"https:\/\/radian.pt\/politica-de-privacidade\/\",\"correctionsPolicy\":\"https:\/\/radian.pt\/politica-de-privacidade\/\",\"ethicsPolicy\":\"https:\/\/radian.pt\/politica-de-privacidade\/\",\"diversityPolicy\":\"https:\/\/radian.pt\/politica-de-privacidade\/\",\"diversityStaffingReport\":\"https:\/\/radian.pt\/politica-de-privacidade\/\"}]}<\/script>\n<!-- \/ Yoast SEO Premium plugin. -->","yoast_head_json":{"title":"Pol\u00edtica de Cookies | Radian Contemporary Architecture","robots":{"index":"index","follow":"follow","max-snippet":"max-snippet:-1","max-image-preview":"max-image-preview:large","max-video-preview":"max-video-preview:-1"},"canonical":"https:\/\/radian.pt\/en\/politica-de-cookies\/","og_locale":"en_US","og_type":"article","og_title":"Pol\u00edtica de Cookies","og_description":"Pol\u00edtica de Cookies O que s\u00e3o cookies? Esta Pol\u00edtica de Cookies explica o que s\u00e3o cookies, como os utilizamos, os tipos de cookies que usamos, ou seja, as informa\u00e7\u00f5es que recolhemos atrav\u00e9s de cookies e como essas informa\u00e7\u00f5es s\u00e3o utilizadas, bem como a forma de gerir as configura\u00e7\u00f5es de cookies. Cookies s\u00e3o pequenos ficheiros de [&hellip;]","og_url":"https:\/\/radian.pt\/en\/politica-de-cookies\/","og_site_name":"Radian Contemporary Architecture","article_publisher":"https:\/\/www.facebook.com\/radian.architecture","article_modified_time":"2024-09-01T02:36:20+00:00","twitter_card":"summary_large_image","twitter_misc":{"Est. reading time":"2 minutes"},"schema":{"@context":"https:\/\/schema.org","@graph":[{"@type":"WebPage","@id":"https:\/\/radian.pt\/en\/politica-de-cookies\/","url":"https:\/\/radian.pt\/en\/politica-de-cookies\/","name":"Pol\u00edtica de Cookies | Radian Contemporary Architecture","isPartOf":{"@id":"https:\/\/radian.pt\/#website"},"datePublished":"2024-09-01T02:35:17+00:00","dateModified":"2024-09-01T02:36:20+00:00","breadcrumb":{"@id":"https:\/\/radian.pt\/en\/politica-de-cookies\/#breadcrumb"},"inLanguage":"en-US","potentialAction":[{"@type":"ReadAction","target":["https:\/\/radian.pt\/en\/politica-de-cookies\/"]}]},{"@type":"BreadcrumbList","@id":"https:\/\/radian.pt\/en\/politica-de-cookies\/#breadcrumb","itemListElement":[{"@type":"ListItem","position":1,"name":"Home","item":"https:\/\/radian.pt\/"},{"@type":"ListItem","position":2,"name":"Pol\u00edtica de Cookies"}]},{"@type":"WebSite","@id":"https:\/\/radian.pt\/#website","url":"https:\/\/radian.pt\/","name":"Ricardo Carvalho Arquitectura","description":"","publisher":{"@id":"https:\/\/radian.pt\/#organization"},"potentialAction":[{"@type":"SearchAction","target":{"@type":"EntryPoint","urlTemplate":"https:\/\/radian.pt\/?s={search_term_string}"},"query-input":{"@type":"PropertyValueSpecification","valueRequired":true,"valueName":"search_term_string"}}],"inLanguage":"en-US"},{"@type":"Organization","@id":"https:\/\/radian.pt\/#organization","name":"Radian Arquitectura","alternateName":"Radian Contemporary Architecture","url":"https:\/\/radian.pt\/","logo":{"@type":"ImageObject","inLanguage":"en-US","@id":"https:\/\/radian.pt\/#\/schema\/logo\/image\/","url":"","contentUrl":"","caption":"Radian Arquitectura"},"image":{"@id":"https:\/\/radian.pt\/#\/schema\/logo\/image\/"},"sameAs":["https:\/\/www.facebook.com\/radian.architecture","https:\/\/www.instagram.com\/radian.architecture\/","https:\/\/www.linkedin.com\/in\/ricardocmota\/","https:\/\/www.pinterest.pt\/ricardocarvalhoarq\/"],"publishingPrinciples":"https:\/\/radian.pt\/politica-de-privacidade\/","ownershipFundingInfo":"https:\/\/radian.pt\/politica-de-privacidade\/","actionableFeedbackPolicy":"https:\/\/radian.pt\/politica-de-privacidade\/","correctionsPolicy":"https:\/\/radian.pt\/politica-de-privacidade\/","ethicsPolicy":"https:\/\/radian.pt\/politica-de-privacidade\/","diversityPolicy":"https:\/\/radian.pt\/politica-de-privacidade\/","diversityStaffingReport":"https:\/\/radian.pt\/politica-de-privacidade\/"}]}},"_links":{"self":[{"href":"https:\/\/radian.pt\/en\/wp-json\/wp\/v2\/pages\/11693","targetHints":{"allow":["GET"]}}],"collection":[{"href":"https:\/\/radian.pt\/en\/wp-json\/wp\/v2\/pages"}],"about":[{"href":"https:\/\/radian.pt\/en\/wp-json\/wp\/v2\/types\/page"}],"author":[{"embeddable":true,"href":"https:\/\/radian.pt\/en\/wp-json\/wp\/v2\/users\/1"}],"replies":[{"embeddable":true,"href":"https:\/\/radian.pt\/en\/wp-json\/wp\/v2\/comments?post=11693"}],"version-history":[{"count":0,"href":"https:\/\/radian.pt\/en\/wp-json\/wp\/v2\/pages\/11693\/revisions"}],"wp:attachment":[{"href":"https:\/\/radian.pt\/en\/wp-json\/wp\/v2\/media?parent=11693"}],"curies":[{"name":"wp","href":"https:\/\/api.w.org\/{rel}","templated":true}]}}