{"id":11685,"date":"2024-09-01T02:32:20","date_gmt":"2024-09-01T02:32:20","guid":{"rendered":"https:\/\/radian.lumbracreative.pt\/?page_id=11685"},"modified":"2024-09-01T02:40:08","modified_gmt":"2024-09-01T02:40:08","slug":"politica-de-privacidade","status":"publish","type":"page","link":"https:\/\/radian.pt\/en\/politica-de-privacidade\/","title":{"rendered":"Privacy Policy"},"content":{"rendered":"<div data-elementor-type=\"wp-page\" data-elementor-id=\"11685\" class=\"elementor elementor-11685\" data-elementor-post-type=\"page\">\n\t\t\t\t\t\t<section class=\"elementor-section elementor-top-section elementor-element elementor-element-f177ae1 elementor-section-full_width elementor-reverse-mobile elementor-section-height-default elementor-section-height-default qodef-elementor-content-no qodef-elementor-column-no\" data-id=\"f177ae1\" data-element_type=\"section\" data-e-type=\"section\">\n\t\t\t\t\t\t<div class=\"elementor-container elementor-column-gap-default\">\n\t\t\t\t\t<div class=\"elementor-column elementor-col-100 elementor-top-column elementor-element elementor-element-a7d7ee9\" data-id=\"a7d7ee9\" data-element_type=\"column\" data-e-type=\"column\">\n\t\t\t<div class=\"elementor-widget-wrap elementor-element-populated\">\n\t\t\t\t\t\t<div class=\"elementor-element elementor-element-014ecfe elementor-widget elementor-widget-text-editor\" data-id=\"014ecfe\" data-element_type=\"widget\" data-e-type=\"widget\" data-widget_type=\"text-editor.default\">\n\t\t\t\t<div class=\"elementor-widget-container\">\n\t\t\t\t\t\t\t\t\t<h1 style=\"background-color: #ffffff;\">Privacy Policy<\/h1>\t\t\t\t\t\t\t\t<\/div>\n\t\t\t\t<\/div>\n\t\t\t\t\t<\/div>\n\t\t<\/div>\n\t\t\t\t\t<\/div>\n\t\t<\/section>\n\t\t<div class=\"elementor-element elementor-element-d33ab07 e-con-full e-flex e-con e-parent\" data-id=\"d33ab07\" data-element_type=\"container\" data-e-type=\"container\">\n\t\t\t\t<div class=\"elementor-element elementor-element-9bf674e elementor-widget elementor-widget-text-editor\" data-id=\"9bf674e\" data-element_type=\"widget\" data-e-type=\"widget\" data-widget_type=\"text-editor.default\">\n\t\t\t\t<div class=\"elementor-widget-container\">\n\t\t\t\t\t\t\t\t\t\n<p>This Privacy Policy describes the policies of Radian Contemporary Architecture, Rua Jo\u00e3o de Oliveira Ramos, 87, Porto 4000-249, Portugal, e-mail: <a rel=\"noopener\">info@radian.pt<\/a>, phone: 916 063 130, about the collection, use and disclosure of your information that we collect when you use our website (<a href=\"https:\/\/radian.pt\/en\/\" target=\"_new\" rel=\"noopener\">https:\/\/radian.pt<\/a>) (the \u201cService\u201d). By accessing or using the Service, you consent to the collection, use and disclosure of your information in accordance with this Privacy Policy. If you do not consent to the same, please do not access or use the Service.<\/p>\n<p>We may modify this Privacy Policy at any time, without any prior notice, and we will post the revised Privacy Policy on the Service. The revised Policy will be effective 180 days after posting on the Service, and your continued access or use of the Service after that time will constitute your acceptance of the revised Privacy Policy. We therefore recommend that you review this page periodically.<\/p>\n<h3 class=\"wp-block-heading\">Information We Collect:<\/h3>\n<p>We will collect and process the following personal information about you:<\/p>\n<ul>\n<li>Name<\/li>\n<li>Email<\/li>\n<li>Telephone<\/li>\n<\/ul>\n<h3>How We Use Your Information:<\/h3>\n<p>We will use the information we collect about you for the following purposes:<\/p>\n<ul>\n<li>Support<\/li>\n<\/ul>\n<p>If we want to use your information for any other purpose, we will ask for your consent and will use your information only after receiving your consent and then only for the purpose(s) for which you gave consent, unless we are required to do otherwise by law.<\/p>\n<h3>How We Share Your Information:<\/h3>\n<p>We will not transfer your personal information to any third party without obtaining your consent, except in limited circumstances as described below:<\/p>\n<ul>\n<li>Data Analysis<\/li>\n<\/ul>\n<p>We require these third parties to use the personal information we transfer to them only for the purpose for which it was transferred and not to retain it for longer than is necessary to fulfill that purpose.<\/p>\n<p>We may also disclose your personal information to: (1) comply with applicable law, regulation, court order or other legal process; (2) enforce your agreements with us, including this Privacy Policy; or (3) respond to claims that your use of the Service violates third-party rights. If the Service or our company is merged with or acquired by another company, your information will be one of the assets transferred to the new owner.<\/p>\n<h3>Retention of Your Information:<\/h3>\n<p>We will keep your personal information with us for a period of 90 days to 2 years after user accounts become inactive or for as long as we need it to fulfill the purposes for which it was collected, as detailed in this Privacy Policy. We may need to retain certain information for longer periods, such as for recordkeeping\/reporting in compliance with applicable laws or for other legitimate reasons, such as enforcement of legal rights, fraud prevention, etc. Residual and anonymous information, which does not identify you (directly or indirectly), may be stored indefinitely.<\/p>\n<h3>Your Rights:<\/h3>\n<p>Depending on applicable law, you may have the right to access, rectify or erase your personal data, or receive a copy of your personal data, restrict or object to active processing of your data, ask us to share (port) your personal information to another entity, withdraw any consent you have provided to us to process your data, lodge a complaint with a legal authority and other rights that may be relevant under applicable law. To exercise these rights, you can contact us at <a rel=\"noopener\">info@radian.pt<\/a>. We will respond to your request in accordance with the applicable legislation.<\/p>\n<p>Please note that if you do not allow us to collect or process the required personal information or withdraw your consent to process it for the required purposes, you may not be able to access or use the services for which your information was requested.<\/p>\n<h3>Cookies and Similar Technologies:<\/h3>\n<p>To find out more about how we use cookies and your choices regarding these tracking technologies, please consult our <strong><a href=\"https:\/\/radian.pt\/en\/politica-de-cookies\/\">Cookie Policy<\/a><\/strong>.<\/p>\n<h3>Security:<\/h3>\n<p>The security of your information is important to us and we will use reasonable security measures to prevent the loss, misuse or unauthorized alteration of your information under our control. However, given the nature of the risks, we cannot guarantee absolute security and, consequently, we cannot ensure or warrant the security of any information you transmit to us, and you do so at your own risk.<\/p>\n<h3>Data Controller \/ Data Protection Officer:<\/h3>\n<p>If you have any questions or concerns about the processing of your information, you can send an e-mail to our Data Protection Officer at Radian Contemporary Architecture, Rua Jo\u00e3o de Oliveira Ramos, 87, Porto 4000-249, Portugal, e-mail: <a rel=\"noopener\">info@radian.pt<\/a>. We will deal with your concerns in accordance with the applicable legislation.<\/p>\t\t\t\t\t\t\t\t<\/div>\n\t\t\t\t<\/div>\n\t\t\t\t<\/div>\n\t\t\t\t<\/div>","protected":false},"excerpt":{"rendered":"<p>Pol\u00edtica de Privacidade Esta Pol\u00edtica de Privacidade descreve as pol\u00edticas da Radian Contemporary Architecture, Rua Jo\u00e3o de Oliveira Ramos, 87, Porto 4000-249, Portugal, e-mail: info@radian.pt, telefone: 916 063 130, sobre a recolha, utiliza\u00e7\u00e3o e divulga\u00e7\u00e3o das suas informa\u00e7\u00f5es que recolhemos quando utiliza o nosso website (https:\/\/radian.pt) (o \u201cServi\u00e7o\u201d). Ao aceder ou utilizar o Servi\u00e7o, est\u00e1 [&hellip;]<\/p>","protected":false},"author":1,"featured_media":0,"parent":0,"menu_order":0,"comment_status":"closed","ping_status":"closed","template":"page-full-width.php","meta":{"_acf_changed":false,"footnotes":""},"class_list":["post-11685","page","type-page","status-publish","hentry"],"acf":[],"yoast_head":"<!-- This site is optimized with the Yoast SEO Premium plugin v26.4 (Yoast SEO v27.2) - https:\/\/yoast.com\/product\/yoast-seo-premium-wordpress\/ -->\n<title>Pol\u00edtica de Privacidade | Radian Contemporary Architecture<\/title>\n<meta name=\"robots\" content=\"index, follow, max-snippet:-1, max-image-preview:large, max-video-preview:-1\" \/>\n<link rel=\"canonical\" href=\"https:\/\/radian.pt\/en\/politica-de-privacidade\/\" \/>\n<meta property=\"og:locale\" content=\"en_US\" \/>\n<meta property=\"og:type\" content=\"article\" \/>\n<meta property=\"og:title\" content=\"Pol\u00edtica de Privacidade\" \/>\n<meta property=\"og:description\" content=\"Pol\u00edtica de Privacidade Esta Pol\u00edtica de Privacidade descreve as pol\u00edticas da Radian Contemporary Architecture, Rua Jo\u00e3o de Oliveira Ramos, 87, Porto 4000-249, Portugal, e-mail: info@radian.pt, telefone: 916 063 130, sobre a recolha, utiliza\u00e7\u00e3o e divulga\u00e7\u00e3o das suas informa\u00e7\u00f5es que recolhemos quando utiliza o nosso website (https:\/\/radian.pt) (o \u201cServi\u00e7o\u201d). Ao aceder ou utilizar o Servi\u00e7o, est\u00e1 [&hellip;]\" \/>\n<meta property=\"og:url\" content=\"https:\/\/radian.pt\/en\/politica-de-privacidade\/\" \/>\n<meta property=\"og:site_name\" content=\"Radian Contemporary Architecture\" \/>\n<meta property=\"article:publisher\" content=\"https:\/\/www.facebook.com\/radian.architecture\" \/>\n<meta property=\"article:modified_time\" content=\"2024-09-01T02:40:08+00:00\" \/>\n<meta name=\"twitter:card\" content=\"summary_large_image\" \/>\n<meta name=\"twitter:label1\" content=\"Est. reading time\" \/>\n\t<meta name=\"twitter:data1\" content=\"4 minutes\" \/>\n<script type=\"application\/ld+json\" class=\"yoast-schema-graph\">{\"@context\":\"https:\/\/schema.org\",\"@graph\":[{\"@type\":\"WebPage\",\"@id\":\"https:\/\/radian.pt\/politica-de-privacidade\/\",\"url\":\"https:\/\/radian.pt\/politica-de-privacidade\/\",\"name\":\"Pol\u00edtica de Privacidade | Radian Contemporary Architecture\",\"isPartOf\":{\"@id\":\"https:\/\/radian.pt\/#website\"},\"datePublished\":\"2024-09-01T02:32:20+00:00\",\"dateModified\":\"2024-09-01T02:40:08+00:00\",\"breadcrumb\":{\"@id\":\"https:\/\/radian.pt\/politica-de-privacidade\/#breadcrumb\"},\"inLanguage\":\"en-US\",\"potentialAction\":[{\"@type\":\"ReadAction\",\"target\":[\"https:\/\/radian.pt\/politica-de-privacidade\/\"]}]},{\"@type\":\"BreadcrumbList\",\"@id\":\"https:\/\/radian.pt\/politica-de-privacidade\/#breadcrumb\",\"itemListElement\":[{\"@type\":\"ListItem\",\"position\":1,\"name\":\"Home\",\"item\":\"https:\/\/radian.pt\/\"},{\"@type\":\"ListItem\",\"position\":2,\"name\":\"Pol\u00edtica de Privacidade\"}]},{\"@type\":\"WebSite\",\"@id\":\"https:\/\/radian.pt\/#website\",\"url\":\"https:\/\/radian.pt\/\",\"name\":\"Ricardo Carvalho Arquitectura\",\"description\":\"\",\"publisher\":{\"@id\":\"https:\/\/radian.pt\/#organization\"},\"potentialAction\":[{\"@type\":\"SearchAction\",\"target\":{\"@type\":\"EntryPoint\",\"urlTemplate\":\"https:\/\/radian.pt\/?s={search_term_string}\"},\"query-input\":{\"@type\":\"PropertyValueSpecification\",\"valueRequired\":true,\"valueName\":\"search_term_string\"}}],\"inLanguage\":\"en-US\"},{\"@type\":\"Organization\",\"@id\":\"https:\/\/radian.pt\/#organization\",\"name\":\"Radian Arquitectura\",\"alternateName\":\"Radian Contemporary Architecture\",\"url\":\"https:\/\/radian.pt\/\",\"logo\":{\"@type\":\"ImageObject\",\"inLanguage\":\"en-US\",\"@id\":\"https:\/\/radian.pt\/#\/schema\/logo\/image\/\",\"url\":\"\",\"contentUrl\":\"\",\"caption\":\"Radian Arquitectura\"},\"image\":{\"@id\":\"https:\/\/radian.pt\/#\/schema\/logo\/image\/\"},\"sameAs\":[\"https:\/\/www.facebook.com\/radian.architecture\",\"https:\/\/www.instagram.com\/radian.architecture\/\",\"https:\/\/www.linkedin.com\/in\/ricardocmota\/\",\"https:\/\/www.pinterest.pt\/ricardocarvalhoarq\/\"],\"publishingPrinciples\":\"https:\/\/radian.pt\/politica-de-privacidade\/\",\"ownershipFundingInfo\":\"https:\/\/radian.pt\/politica-de-privacidade\/\",\"actionableFeedbackPolicy\":\"https:\/\/radian.pt\/politica-de-privacidade\/\",\"correctionsPolicy\":\"https:\/\/radian.pt\/politica-de-privacidade\/\",\"ethicsPolicy\":\"https:\/\/radian.pt\/politica-de-privacidade\/\",\"diversityPolicy\":\"https:\/\/radian.pt\/politica-de-privacidade\/\",\"diversityStaffingReport\":\"https:\/\/radian.pt\/politica-de-privacidade\/\"}]}<\/script>\n<!-- \/ Yoast SEO Premium plugin. -->","yoast_head_json":{"title":"Pol\u00edtica de Privacidade | Radian Contemporary Architecture","robots":{"index":"index","follow":"follow","max-snippet":"max-snippet:-1","max-image-preview":"max-image-preview:large","max-video-preview":"max-video-preview:-1"},"canonical":"https:\/\/radian.pt\/en\/politica-de-privacidade\/","og_locale":"en_US","og_type":"article","og_title":"Pol\u00edtica de Privacidade","og_description":"Pol\u00edtica de Privacidade Esta Pol\u00edtica de Privacidade descreve as pol\u00edticas da Radian Contemporary Architecture, Rua Jo\u00e3o de Oliveira Ramos, 87, Porto 4000-249, Portugal, e-mail: info@radian.pt, telefone: 916 063 130, sobre a recolha, utiliza\u00e7\u00e3o e divulga\u00e7\u00e3o das suas informa\u00e7\u00f5es que recolhemos quando utiliza o nosso website (https:\/\/radian.pt) (o \u201cServi\u00e7o\u201d). Ao aceder ou utilizar o Servi\u00e7o, est\u00e1 [&hellip;]","og_url":"https:\/\/radian.pt\/en\/politica-de-privacidade\/","og_site_name":"Radian Contemporary Architecture","article_publisher":"https:\/\/www.facebook.com\/radian.architecture","article_modified_time":"2024-09-01T02:40:08+00:00","twitter_card":"summary_large_image","twitter_misc":{"Est. reading time":"4 minutes"},"schema":{"@context":"https:\/\/schema.org","@graph":[{"@type":"WebPage","@id":"https:\/\/radian.pt\/politica-de-privacidade\/","url":"https:\/\/radian.pt\/politica-de-privacidade\/","name":"Pol\u00edtica de Privacidade | Radian Contemporary Architecture","isPartOf":{"@id":"https:\/\/radian.pt\/#website"},"datePublished":"2024-09-01T02:32:20+00:00","dateModified":"2024-09-01T02:40:08+00:00","breadcrumb":{"@id":"https:\/\/radian.pt\/politica-de-privacidade\/#breadcrumb"},"inLanguage":"en-US","potentialAction":[{"@type":"ReadAction","target":["https:\/\/radian.pt\/politica-de-privacidade\/"]}]},{"@type":"BreadcrumbList","@id":"https:\/\/radian.pt\/politica-de-privacidade\/#breadcrumb","itemListElement":[{"@type":"ListItem","position":1,"name":"Home","item":"https:\/\/radian.pt\/"},{"@type":"ListItem","position":2,"name":"Pol\u00edtica de Privacidade"}]},{"@type":"WebSite","@id":"https:\/\/radian.pt\/#website","url":"https:\/\/radian.pt\/","name":"Ricardo Carvalho Arquitectura","description":"","publisher":{"@id":"https:\/\/radian.pt\/#organization"},"potentialAction":[{"@type":"SearchAction","target":{"@type":"EntryPoint","urlTemplate":"https:\/\/radian.pt\/?s={search_term_string}"},"query-input":{"@type":"PropertyValueSpecification","valueRequired":true,"valueName":"search_term_string"}}],"inLanguage":"en-US"},{"@type":"Organization","@id":"https:\/\/radian.pt\/#organization","name":"Radian Arquitectura","alternateName":"Radian Contemporary Architecture","url":"https:\/\/radian.pt\/","logo":{"@type":"ImageObject","inLanguage":"en-US","@id":"https:\/\/radian.pt\/#\/schema\/logo\/image\/","url":"","contentUrl":"","caption":"Radian Arquitectura"},"image":{"@id":"https:\/\/radian.pt\/#\/schema\/logo\/image\/"},"sameAs":["https:\/\/www.facebook.com\/radian.architecture","https:\/\/www.instagram.com\/radian.architecture\/","https:\/\/www.linkedin.com\/in\/ricardocmota\/","https:\/\/www.pinterest.pt\/ricardocarvalhoarq\/"],"publishingPrinciples":"https:\/\/radian.pt\/politica-de-privacidade\/","ownershipFundingInfo":"https:\/\/radian.pt\/politica-de-privacidade\/","actionableFeedbackPolicy":"https:\/\/radian.pt\/politica-de-privacidade\/","correctionsPolicy":"https:\/\/radian.pt\/politica-de-privacidade\/","ethicsPolicy":"https:\/\/radian.pt\/politica-de-privacidade\/","diversityPolicy":"https:\/\/radian.pt\/politica-de-privacidade\/","diversityStaffingReport":"https:\/\/radian.pt\/politica-de-privacidade\/"}]}},"_links":{"self":[{"href":"https:\/\/radian.pt\/en\/wp-json\/wp\/v2\/pages\/11685","targetHints":{"allow":["GET"]}}],"collection":[{"href":"https:\/\/radian.pt\/en\/wp-json\/wp\/v2\/pages"}],"about":[{"href":"https:\/\/radian.pt\/en\/wp-json\/wp\/v2\/types\/page"}],"author":[{"embeddable":true,"href":"https:\/\/radian.pt\/en\/wp-json\/wp\/v2\/users\/1"}],"replies":[{"embeddable":true,"href":"https:\/\/radian.pt\/en\/wp-json\/wp\/v2\/comments?post=11685"}],"version-history":[{"count":0,"href":"https:\/\/radian.pt\/en\/wp-json\/wp\/v2\/pages\/11685\/revisions"}],"wp:attachment":[{"href":"https:\/\/radian.pt\/en\/wp-json\/wp\/v2\/media?parent=11685"}],"curies":[{"name":"wp","href":"https:\/\/api.w.org\/{rel}","templated":true}]}}